{"id":3203,"date":"2019-05-10T10:00:15","date_gmt":"2019-05-10T08:00:15","guid":{"rendered":"https:\/\/sewingheartdesign.com\/?post_type=product&#038;p=3203"},"modified":"2020-02-05T11:13:40","modified_gmt":"2020-02-05T10:13:40","slug":"lazy-dayz","status":"publish","type":"product","link":"https:\/\/sewingheartdesign.com\/en\/produkt\/lazy-dayz\/","title":{"rendered":"Lazy Dayz"},"content":{"rendered":"<p><span style=\"font-weight: 400;\"><b>Linne\/Kl\u00e4nning. Damstorlek 32 &#8211; 60<\/b><\/span><\/p>\n<p><i><span style=\"font-weight: 400;\">Vilken sk\u00f6n kl\u00e4nning! Luftig och sval.<\/span><\/i><\/p>\n<p><span style=\"font-weight: 400;\">Lazy Dayz har en sk\u00f6n avslappnad linje. G\u00f6r ett linne med midjemudd och den sitter kvar n\u00e4r du tr\u00e4nar eller g\u00f6r yoga. Maxikl\u00e4nning f\u00f6r varma sommarkv\u00e4llar eller kortare linne p\u00e5 dagen eller n\u00e5got d\u00e4r emellan. Sj\u00e4lvklart finns det fickor p\u00e5 m\u00f6nstret.\u00a0<\/span><span style=\"font-weight: 400;\">Det h\u00e4r m\u00f6nstret \u00e4r t\u00e4nkt till trik\u00e5\/jersey och har ett antal olika variationsm\u00f6jligheter.\u00a0<\/span><\/p>\n<hr \/>\n<p><span style=\"font-weight: 400;\"><strong>Tyg:<\/strong> Trik\u00e5\/jersey, viscosetrik\u00e5.<\/span><\/p>\n<p><span style=\"font-weight: 400;\"><strong>L\u00e4ngdanpassning!<\/strong> V\u00e4lj din l\u00e4ngd n\u00e4r du klipper ut delarna, 150-190cm<\/span><\/p>\n<p><span style=\"font-weight: 400;\">Utm\u00e4rkt <strong>f\u00e4rgkodade<\/strong> m\u00f6nster som inneh\u00e5ller b\u00e5de petit och plusstorlekar!<\/span><\/p>\n<hr \/>\n<p>Licensm\u00f6nster med r\u00e4tt till kommersiell f\u00f6rs\u00e4ljning av f\u00e4rdig produkt.<\/p>\n<p><em><strong>PDF-m\u00f6nster:<br \/>\n<\/strong>F\u00e5r inte kopieras, s\u00e4ljas eller sk\u00e4nkas bort. Ingen \u00e5ngerr\u00e4tt p\u00e5 digitala produkter.<\/em><\/p>\n<p>Anv\u00e4nd lager i pdf-l\u00e4saren och skriv endast ut den storlek du vill sy och klipp ut direkt.<\/p>\n","protected":false},"excerpt":{"rendered":"<p><i><span style=\"font-weight: 400;\">Vilken sk\u00f6n kl\u00e4nning! Luftig och sval.<\/span><\/i><\/p>\n","protected":false},"featured_media":3554,"template":"","meta":[],"product_cat":[522047950,522047874,522047970,522047967],"product_tag":[522047933,522047938,522047936,522047944,522047947,522047949,522047935],"class_list":{"0":"post-3203","1":"product","2":"type-product","3":"status-publish","4":"has-post-thumbnail","6":"product_cat-monster","7":"product_cat-dammonster","8":"product_cat-gravid","9":"product_cat-damtop","10":"product_tag-dammonster","11":"product_tag-gravid","12":"product_tag-klanning","13":"product_tag-los-passform","14":"product_tag-linne","15":"product_tag-maxiklanning","16":"product_tag-tunika","18":"first","19":"instock","20":"taxable","21":"shipping-taxable","22":"purchasable","23":"product-type-variable"},"_links":{"self":[{"href":"https:\/\/sewingheartdesign.com\/en\/wp-json\/wp\/v2\/product\/3203"}],"collection":[{"href":"https:\/\/sewingheartdesign.com\/en\/wp-json\/wp\/v2\/product"}],"about":[{"href":"https:\/\/sewingheartdesign.com\/en\/wp-json\/wp\/v2\/types\/product"}],"wp:featuredmedia":[{"embeddable":true,"href":"https:\/\/sewingheartdesign.com\/en\/wp-json\/wp\/v2\/media\/3554"}],"wp:attachment":[{"href":"https:\/\/sewingheartdesign.com\/en\/wp-json\/wp\/v2\/media?parent=3203"}],"wp:term":[{"taxonomy":"product_cat","embeddable":true,"href":"https:\/\/sewingheartdesign.com\/en\/wp-json\/wp\/v2\/product_cat?post=3203"},{"taxonomy":"product_tag","embeddable":true,"href":"https:\/\/sewingheartdesign.com\/en\/wp-json\/wp\/v2\/product_tag?post=3203"}],"curies":[{"name":"wp","href":"https:\/\/api.w.org\/{rel}","templated":true}]}}