{"id":31972,"date":"2021-09-22T11:54:30","date_gmt":"2021-09-22T09:54:30","guid":{"rendered":"https:\/\/sewingheartdesign.com\/?post_type=product&#038;p=31972"},"modified":"2023-12-21T16:17:58","modified_gmt":"2023-12-21T15:17:58","slug":"bling-parla-10mm","status":"publish","type":"product","link":"https:\/\/sewingheartdesign.com\/en\/produkt\/bling-parla-10mm\/","title":{"rendered":"Bling-p\u00e4rla 10mm"},"content":{"rendered":"<p>Dekorativ bling-p\u00e4rla f\u00f6r alla m\u00f6jliga projekt.<\/p>\n<p>P\u00e4rlor i akrylplast f\u00f6r dekoration p\u00e5 kl\u00e4der, v\u00e4skor mm.<\/p>\n<p>F\u00e4stes med nit med p\u00e4rls\u00e4ttare eller insats till knappress.<br \/>\nNitar k\u00f6pes separat.<\/p>\n<p>&nbsp;<\/p>\n<p><strong>Storlek:<\/strong> 10 mm<\/p>\n<p><strong>OBS:<\/strong> B\u00f6r ej anv\u00e4ndas i n\u00e4rheten av sm\u00e5 barn.<\/p>\n","protected":false},"excerpt":{"rendered":"<p><em>Dekorativ bling-p\u00e4rla f\u00f6r alla m\u00f6jliga projekt.<\/em><\/p>\n","protected":false},"featured_media":25042,"template":"","meta":[],"product_cat":[522048118],"product_tag":[],"class_list":{"0":"post-31972","1":"product","2":"type-product","3":"status-publish","4":"has-post-thumbnail","6":"product_cat-pearls","8":"first","9":"instock","10":"taxable","11":"shipping-taxable","12":"purchasable","13":"product-type-woosg"},"_links":{"self":[{"href":"https:\/\/sewingheartdesign.com\/en\/wp-json\/wp\/v2\/product\/31972"}],"collection":[{"href":"https:\/\/sewingheartdesign.com\/en\/wp-json\/wp\/v2\/product"}],"about":[{"href":"https:\/\/sewingheartdesign.com\/en\/wp-json\/wp\/v2\/types\/product"}],"wp:featuredmedia":[{"embeddable":true,"href":"https:\/\/sewingheartdesign.com\/en\/wp-json\/wp\/v2\/media\/25042"}],"wp:attachment":[{"href":"https:\/\/sewingheartdesign.com\/en\/wp-json\/wp\/v2\/media?parent=31972"}],"wp:term":[{"taxonomy":"product_cat","embeddable":true,"href":"https:\/\/sewingheartdesign.com\/en\/wp-json\/wp\/v2\/product_cat?post=31972"},{"taxonomy":"product_tag","embeddable":true,"href":"https:\/\/sewingheartdesign.com\/en\/wp-json\/wp\/v2\/product_tag?post=31972"}],"curies":[{"name":"wp","href":"https:\/\/api.w.org\/{rel}","templated":true}]}}