{"id":31950,"date":"2021-09-21T14:34:37","date_gmt":"2021-09-21T12:34:37","guid":{"rendered":"https:\/\/sewingheartdesign.com\/?post_type=product&#038;p=31950"},"modified":"2025-07-12T15:22:25","modified_gmt":"2025-07-12T13:22:25","slug":"metallhorn-morkgra","status":"publish","type":"product","link":"https:\/\/sewingheartdesign.com\/en\/produkt\/metallhorn-morkgra\/","title":{"rendered":"Metallh\u00f6rn (m\u00f6rkgr\u00e5)"},"content":{"rendered":"<p>Fina v\u00e4skh\u00f6rn i metall f\u00f6r att skydda kanter p\u00e5 v\u00e4skor, ficklock mm.<\/p>\n","protected":false},"excerpt":{"rendered":"<p>Fina v\u00e4skh\u00f6rn i metall.<\/p>\n<p>20&#215;20 mm<\/p>\n","protected":false},"featured_media":31958,"template":"","meta":[],"product_cat":[522048209],"product_tag":[],"class_list":{"0":"post-31950","1":"product","2":"type-product","3":"status-publish","4":"has-post-thumbnail","6":"product_cat-vaskor","8":"first","9":"instock","10":"taxable","11":"shipping-taxable","12":"purchasable","13":"product-type-variable"},"_links":{"self":[{"href":"https:\/\/sewingheartdesign.com\/en\/wp-json\/wp\/v2\/product\/31950"}],"collection":[{"href":"https:\/\/sewingheartdesign.com\/en\/wp-json\/wp\/v2\/product"}],"about":[{"href":"https:\/\/sewingheartdesign.com\/en\/wp-json\/wp\/v2\/types\/product"}],"wp:featuredmedia":[{"embeddable":true,"href":"https:\/\/sewingheartdesign.com\/en\/wp-json\/wp\/v2\/media\/31958"}],"wp:attachment":[{"href":"https:\/\/sewingheartdesign.com\/en\/wp-json\/wp\/v2\/media?parent=31950"}],"wp:term":[{"taxonomy":"product_cat","embeddable":true,"href":"https:\/\/sewingheartdesign.com\/en\/wp-json\/wp\/v2\/product_cat?post=31950"},{"taxonomy":"product_tag","embeddable":true,"href":"https:\/\/sewingheartdesign.com\/en\/wp-json\/wp\/v2\/product_tag?post=31950"}],"curies":[{"name":"wp","href":"https:\/\/api.w.org\/{rel}","templated":true}]}}