{"id":31944,"date":"2021-09-20T19:04:22","date_gmt":"2021-09-20T17:04:22","guid":{"rendered":"https:\/\/sewingheartdesign.com\/?post_type=product&#038;p=31944"},"modified":"2025-10-21T05:20:53","modified_gmt":"2025-10-21T03:20:53","slug":"dubbelt-snorlas-platt-gron","status":"publish","type":"product","link":"https:\/\/sewingheartdesign.com\/en\/produkt\/dubbelt-snorlas-platt-gron\/","title":{"rendered":"Dubbelt sn\u00f6rl\u00e5s, platt (gr\u00f6n)"},"content":{"rendered":"<p>Platt sn\u00f6rl\u00e5s med tv\u00e5 h\u00e5l f\u00f6r sn\u00f6ren.<br \/>\nDubbelt sn\u00f6rl\u00e5s i plast med metallfj\u00e4der.<br \/>\nAnv\u00e4nds till jackor, byxor, v\u00e4skor mm.<\/p>\n<p><strong>Storlek:<\/strong> 22x20mm<br \/>\n<strong>H\u00e5l:<\/strong> ca 5x5mm, 2 st<\/p>\n","protected":false},"excerpt":{"rendered":"<p><em>Platt sn\u00f6rl\u00e5s till jackor, byxor, v\u00e4skor mm.<\/em><\/p>\n<p>Platt sn\u00f6rl\u00e5s med tv\u00e5 h\u00e5l f\u00f6r sn\u00f6ren.<br \/>\nDubbelt sn\u00f6rl\u00e5s i plast med metallfj\u00e4der.<br \/>\nAnv\u00e4nds till jackor, byxor, v\u00e4skor mm.<\/p>\n<p><strong>Storlek:<\/strong> 22x20mm<br \/>\n<strong>H\u00e5l:<\/strong> ca 5x5mm, 2 st<\/p>\n<p><strong>Antal:<\/strong> 1 st<\/p>\n","protected":false},"featured_media":31929,"template":"","meta":[],"product_cat":[522047983,522048122],"product_tag":[],"class_list":{"0":"post-31944","1":"product","2":"type-product","3":"status-publish","4":"has-post-thumbnail","6":"product_cat-snoren-mm","7":"product_cat-snorlas","9":"first","10":"instock","11":"taxable","12":"shipping-taxable","13":"purchasable","14":"product-type-simple"},"_links":{"self":[{"href":"https:\/\/sewingheartdesign.com\/en\/wp-json\/wp\/v2\/product\/31944"}],"collection":[{"href":"https:\/\/sewingheartdesign.com\/en\/wp-json\/wp\/v2\/product"}],"about":[{"href":"https:\/\/sewingheartdesign.com\/en\/wp-json\/wp\/v2\/types\/product"}],"wp:featuredmedia":[{"embeddable":true,"href":"https:\/\/sewingheartdesign.com\/en\/wp-json\/wp\/v2\/media\/31929"}],"wp:attachment":[{"href":"https:\/\/sewingheartdesign.com\/en\/wp-json\/wp\/v2\/media?parent=31944"}],"wp:term":[{"taxonomy":"product_cat","embeddable":true,"href":"https:\/\/sewingheartdesign.com\/en\/wp-json\/wp\/v2\/product_cat?post=31944"},{"taxonomy":"product_tag","embeddable":true,"href":"https:\/\/sewingheartdesign.com\/en\/wp-json\/wp\/v2\/product_tag?post=31944"}],"curies":[{"name":"wp","href":"https:\/\/api.w.org\/{rel}","templated":true}]}}