{"id":3194,"date":"2019-05-10T09:18:51","date_gmt":"2019-05-10T07:18:51","guid":{"rendered":"https:\/\/sewingheartdesign.com\/?post_type=product&#038;p=3194"},"modified":"2019-06-29T08:02:10","modified_gmt":"2019-06-29T06:02:10","slug":"summerlegs","status":"publish","type":"product","link":"https:\/\/sewingheartdesign.com\/en\/product\/summerlegs\/","title":{"rendered":"Summerlegs"},"content":{"rendered":"<p><span style=\"font-weight: 400;\"><b>Short. Damstorlek 32 &#8211; 60<\/b><\/span><\/p>\n<p><i><span style=\"font-weight: 400;\">S\u00e5 sk\u00f6na och perfekta till sommaren!<\/span><\/i><\/p>\n<p><span style=\"font-weight: 400;\">Det h\u00e4r m\u00f6nstret \u00e4r t\u00e4nkt till trik\u00e5\/jersey och har ett antal olika variationsm\u00f6jligheter. H\u00f6g\/l\u00e5g midja, med eller utan fickor och 3 olika l\u00e4ngder p\u00e5 benen.<\/span><\/p>\n<p>&nbsp;<\/p>\n<p><span style=\"font-weight: 400;\"><strong>Tyg:<\/strong> Trik\u00e5\/jersey.<\/span><\/p>\n<p><span style=\"font-weight: 400;\"><strong>L\u00e4ngdanpassning!<\/strong> V\u00e4lj din l\u00e4ngd n\u00e4r du klipper ut delarna, 150-190cm<\/span><\/p>\n<p><span style=\"font-weight: 400;\">Utm\u00e4rkt <strong>f\u00e4rgkodade<\/strong> m\u00f6nster som inneh\u00e5ller b\u00e5de petit och plusstorlekar!<\/span><\/p>\n<p>&nbsp;<\/p>\n<p>Licensm\u00f6nster med r\u00e4tt till kommersiell f\u00f6rs\u00e4ljning av f\u00e4rdig produkt.<\/p>\n<p><em><strong>PDF-m\u00f6nster:<br \/>\n<\/strong>F\u00e5r inte kopieras, s\u00e4ljas eller sk\u00e4nkas bort. Ingen \u00e5ngerr\u00e4tt p\u00e5 digitala produkter.<\/em><em><br \/>\n<\/em>Anv\u00e4nd lager i pdf-l\u00e4saren och skriv endast ut den storlek du vill sy och klipp ut direkt.<\/p>\n","protected":false},"excerpt":{"rendered":"<p><i><span style=\"font-weight: 400;\">S\u00e5 sk\u00f6na och perfekta till sommaren! <\/span><\/i><\/p>\n","protected":false},"featured_media":3516,"template":"","meta":[],"product_cat":[522047950,522047874,522047970,522047968],"product_tag":[522047945,522047933,522047938,522047940,522047948],"class_list":{"0":"post-3194","1":"product","2":"type-product","3":"status-publish","4":"has-post-thumbnail","6":"product_cat-monster","7":"product_cat-dammonster","8":"product_cat-gravid","9":"product_cat-dambottom","10":"product_tag-dambyxa","11":"product_tag-dammonster","12":"product_tag-gravid","13":"product_tag-normal-passform","14":"product_tag-shorts","16":"first","17":"instock","18":"taxable","19":"shipping-taxable","20":"purchasable","21":"product-type-variable"},"_links":{"self":[{"href":"https:\/\/sewingheartdesign.com\/en\/wp-json\/wp\/v2\/product\/3194"}],"collection":[{"href":"https:\/\/sewingheartdesign.com\/en\/wp-json\/wp\/v2\/product"}],"about":[{"href":"https:\/\/sewingheartdesign.com\/en\/wp-json\/wp\/v2\/types\/product"}],"wp:featuredmedia":[{"embeddable":true,"href":"https:\/\/sewingheartdesign.com\/en\/wp-json\/wp\/v2\/media\/3516"}],"wp:attachment":[{"href":"https:\/\/sewingheartdesign.com\/en\/wp-json\/wp\/v2\/media?parent=3194"}],"wp:term":[{"taxonomy":"product_cat","embeddable":true,"href":"https:\/\/sewingheartdesign.com\/en\/wp-json\/wp\/v2\/product_cat?post=3194"},{"taxonomy":"product_tag","embeddable":true,"href":"https:\/\/sewingheartdesign.com\/en\/wp-json\/wp\/v2\/product_tag?post=3194"}],"curies":[{"name":"wp","href":"https:\/\/api.w.org\/{rel}","templated":true}]}}