{"id":31924,"date":"2021-09-20T18:55:20","date_gmt":"2021-09-20T16:55:20","guid":{"rendered":"https:\/\/sewingheartdesign.com\/?post_type=product&#038;p=31924"},"modified":"2024-02-03T23:43:13","modified_gmt":"2024-02-03T22:43:13","slug":"dubbelt-snorlas-platt-orange","status":"publish","type":"product","link":"https:\/\/sewingheartdesign.com\/en\/produkt\/dubbelt-snorlas-platt-orange\/","title":{"rendered":"Dubbelt sn\u00f6rl\u00e5s, platt (orange)"},"content":{"rendered":"<p>Platt sn\u00f6rl\u00e5s med tv\u00e5 h\u00e5l f\u00f6r sn\u00f6ren.<br \/>\nDubbelt sn\u00f6rl\u00e5s i plast med metallfj\u00e4der.<br \/>\nAnv\u00e4nds till jackor, byxor, v\u00e4skor mm.<\/p>\n<p><strong>Storlek:<\/strong> 22x20mm<br \/>\n<strong>H\u00e5l:<\/strong> ca 5x5mm, 2 st<\/p>\n","protected":false},"excerpt":{"rendered":"<p><em>Platt sn\u00f6rl\u00e5s till jackor, byxor, v\u00e4skor mm.<\/em><\/p>\n<p>Platt sn\u00f6rl\u00e5s med tv\u00e5 h\u00e5l f\u00f6r sn\u00f6ren.<br \/>\nDubbelt sn\u00f6rl\u00e5s i plast med metallfj\u00e4der.<br \/>\nAnv\u00e4nds till jackor, byxor, v\u00e4skor mm.<\/p>\n<p><strong>Storlek:<\/strong> 22x20mm<br \/>\n<strong>H\u00e5l:<\/strong> ca 5x5mm, 2 st<\/p>\n<p><strong>Antal:<\/strong> 1 st<\/p>\n","protected":false},"featured_media":31937,"template":"","meta":[],"product_cat":[522047983,522048122],"product_tag":[],"class_list":{"0":"post-31924","1":"product","2":"type-product","3":"status-publish","4":"has-post-thumbnail","6":"product_cat-snoren-mm","7":"product_cat-snorlas","9":"first","10":"instock","11":"taxable","12":"shipping-taxable","13":"purchasable","14":"product-type-simple"},"_links":{"self":[{"href":"https:\/\/sewingheartdesign.com\/en\/wp-json\/wp\/v2\/product\/31924"}],"collection":[{"href":"https:\/\/sewingheartdesign.com\/en\/wp-json\/wp\/v2\/product"}],"about":[{"href":"https:\/\/sewingheartdesign.com\/en\/wp-json\/wp\/v2\/types\/product"}],"wp:featuredmedia":[{"embeddable":true,"href":"https:\/\/sewingheartdesign.com\/en\/wp-json\/wp\/v2\/media\/31937"}],"wp:attachment":[{"href":"https:\/\/sewingheartdesign.com\/en\/wp-json\/wp\/v2\/media?parent=31924"}],"wp:term":[{"taxonomy":"product_cat","embeddable":true,"href":"https:\/\/sewingheartdesign.com\/en\/wp-json\/wp\/v2\/product_cat?post=31924"},{"taxonomy":"product_tag","embeddable":true,"href":"https:\/\/sewingheartdesign.com\/en\/wp-json\/wp\/v2\/product_tag?post=31924"}],"curies":[{"name":"wp","href":"https:\/\/api.w.org\/{rel}","templated":true}]}}