{"id":31907,"date":"2021-09-16T08:21:09","date_gmt":"2021-09-16T06:21:09","guid":{"rendered":"https:\/\/sewingheartdesign.com\/?post_type=product&#038;p=31907"},"modified":"2023-11-28T15:38:21","modified_gmt":"2023-11-28T14:38:21","slug":"koftnal-blomma-med-parlor-lila-gra-rosa","status":"publish","type":"product","link":"https:\/\/sewingheartdesign.com\/en\/produkt\/koftnal-blomma-med-parlor-lila-gra-rosa\/","title":{"rendered":"Koftn\u00e5l, blomma med p\u00e4rlor (lila, gr\u00e5, rosa)"},"content":{"rendered":"<p>Koftn\u00e5l, blomma med lila, gr\u00e5, rosa p\u00e4rlor.<\/p>\n<p>L\u00e4ngd ca 9cm<br \/>\nBlombladen: ca 4cm<\/p>\n","protected":false},"excerpt":{"rendered":"<p><em>N\u00e5l f\u00f6r koftor, mm<\/em><\/p>\n<p>L\u00e4ngd ca 9cm<br \/>\nBlombladen: ca 4cm<\/p>\n","protected":false},"featured_media":31901,"template":"","meta":[],"product_cat":[522048261],"product_tag":[],"class_list":{"0":"post-31907","1":"product","2":"type-product","3":"status-publish","4":"has-post-thumbnail","6":"product_cat-spannen","8":"first","9":"instock","10":"taxable","11":"shipping-taxable","12":"purchasable","13":"product-type-simple"},"_links":{"self":[{"href":"https:\/\/sewingheartdesign.com\/en\/wp-json\/wp\/v2\/product\/31907"}],"collection":[{"href":"https:\/\/sewingheartdesign.com\/en\/wp-json\/wp\/v2\/product"}],"about":[{"href":"https:\/\/sewingheartdesign.com\/en\/wp-json\/wp\/v2\/types\/product"}],"wp:featuredmedia":[{"embeddable":true,"href":"https:\/\/sewingheartdesign.com\/en\/wp-json\/wp\/v2\/media\/31901"}],"wp:attachment":[{"href":"https:\/\/sewingheartdesign.com\/en\/wp-json\/wp\/v2\/media?parent=31907"}],"wp:term":[{"taxonomy":"product_cat","embeddable":true,"href":"https:\/\/sewingheartdesign.com\/en\/wp-json\/wp\/v2\/product_cat?post=31907"},{"taxonomy":"product_tag","embeddable":true,"href":"https:\/\/sewingheartdesign.com\/en\/wp-json\/wp\/v2\/product_tag?post=31907"}],"curies":[{"name":"wp","href":"https:\/\/api.w.org\/{rel}","templated":true}]}}