{"id":31900,"date":"2021-09-16T08:03:59","date_gmt":"2021-09-16T06:03:59","guid":{"rendered":"https:\/\/sewingheartdesign.com\/?post_type=product&#038;p=31900"},"modified":"2025-10-29T06:05:07","modified_gmt":"2025-10-29T05:05:07","slug":"koftnal-blomma-med-parlor-vit","status":"publish","type":"product","link":"https:\/\/sewingheartdesign.com\/en\/produkt\/koftnal-blomma-med-parlor-vit\/","title":{"rendered":"Koftn\u00e5l, blomma med p\u00e4rlor (vit)"},"content":{"rendered":"<p>Koftn\u00e5l, blomma med vita p\u00e4rlor.<\/p>\n<p>L\u00e4ngd ca 8,5cm<br \/>\nBlombladen: ca 3,5cm<\/p>\n","protected":false},"excerpt":{"rendered":"<p><em>N\u00e5l f\u00f6r koftor, mm<\/em><\/p>\n<p>L\u00e4ngd ca 8,5 cm<br \/>\nBlombladen: ca 3,5cm<\/p>\n","protected":false},"featured_media":31903,"template":"","meta":[],"product_cat":[522048261],"product_tag":[],"class_list":{"0":"post-31900","1":"product","2":"type-product","3":"status-publish","4":"has-post-thumbnail","6":"product_cat-spannen","8":"first","9":"instock","10":"taxable","11":"shipping-taxable","12":"purchasable","13":"product-type-simple"},"_links":{"self":[{"href":"https:\/\/sewingheartdesign.com\/en\/wp-json\/wp\/v2\/product\/31900"}],"collection":[{"href":"https:\/\/sewingheartdesign.com\/en\/wp-json\/wp\/v2\/product"}],"about":[{"href":"https:\/\/sewingheartdesign.com\/en\/wp-json\/wp\/v2\/types\/product"}],"wp:featuredmedia":[{"embeddable":true,"href":"https:\/\/sewingheartdesign.com\/en\/wp-json\/wp\/v2\/media\/31903"}],"wp:attachment":[{"href":"https:\/\/sewingheartdesign.com\/en\/wp-json\/wp\/v2\/media?parent=31900"}],"wp:term":[{"taxonomy":"product_cat","embeddable":true,"href":"https:\/\/sewingheartdesign.com\/en\/wp-json\/wp\/v2\/product_cat?post=31900"},{"taxonomy":"product_tag","embeddable":true,"href":"https:\/\/sewingheartdesign.com\/en\/wp-json\/wp\/v2\/product_tag?post=31900"}],"curies":[{"name":"wp","href":"https:\/\/api.w.org\/{rel}","templated":true}]}}