{"id":3182,"date":"2019-05-10T09:01:44","date_gmt":"2019-05-10T07:01:44","guid":{"rendered":"https:\/\/sewingheartdesign.com\/?post_type=product&#038;p=3182"},"modified":"2019-06-29T08:02:53","modified_gmt":"2019-06-29T06:02:53","slug":"midnight-romance","status":"publish","type":"product","link":"https:\/\/sewingheartdesign.com\/en\/produkt\/midnight-romance\/","title":{"rendered":"Midnight Romance"},"content":{"rendered":"<p><span style=\"font-weight: 400;\"><strong>Tunika\/Kl\u00e4nning. Damstorlek 32-60<\/strong><\/span><\/p>\n<p><i><span style=\"font-weight: 400;\">Superenkelt att sy och\u00a0resultatet blir s\u00e5 bra.<\/span><\/i><\/p>\n<p><span style=\"font-weight: 400;\">Ledig kl\u00e4nning som enkelt g\u00e5r att g\u00f6ra uppkl\u00e4tt eller bara mysigt. Fint med flikarna som h\u00e4nger ner. Det \u00e4r kompatibelt med Sunday Morning. Det h\u00e4r m\u00f6nstret \u00e4r t\u00e4nkt till trik\u00e5\/viscosetrik\u00e5.<\/span><\/p>\n<p>&nbsp;<\/p>\n<p><span style=\"font-weight: 400;\"><strong>Tyg:<\/strong> Trik\u00e5\/jersey, viscosetrik\u00e5.<\/span><\/p>\n<p><span style=\"font-weight: 400;\"><strong>L\u00e4ngdanpassning!<\/strong> V\u00e4lj din l\u00e4ngd n\u00e4r du klipper ut delarna, 150-190cm<\/span><\/p>\n<p><span style=\"font-weight: 400;\">Utm\u00e4rkt <strong>f\u00e4rgkodade<\/strong> m\u00f6nster som inneh\u00e5ller b\u00e5de petit och plusstorlekar!<\/span><\/p>\n<p>&nbsp;<\/p>\n<p>Licensm\u00f6nster med r\u00e4tt till kommersiell f\u00f6rs\u00e4ljning av f\u00e4rdig produkt.<\/p>\n<p><em><strong>PDF-m\u00f6nster:<br \/>\n<\/strong>F\u00e5r inte kopieras, s\u00e4ljas eller sk\u00e4nkas bort. Ingen \u00e5ngerr\u00e4tt p\u00e5 digitala produkter.<\/em><em><br \/>\n<\/em>Anv\u00e4nd lager i pdf-l\u00e4saren och skriv endast ut den storlek du vill sy och klipp ut direkt.<\/p>\n","protected":false},"excerpt":{"rendered":"<p><i><span style=\"font-weight: 400;\">Superenkelt att sy och\u00a0resultatet blir s\u00e5 bra.<\/span><\/i><\/p>\n","protected":false},"featured_media":3561,"template":"","meta":[],"product_cat":[522047950,522047874,522047967],"product_tag":[522047933,522047936,522047940,522047934,522047935],"class_list":{"0":"post-3182","1":"product","2":"type-product","3":"status-publish","4":"has-post-thumbnail","6":"product_cat-monster","7":"product_cat-dammonster","8":"product_cat-damtop","9":"product_tag-dammonster","10":"product_tag-klanning","11":"product_tag-normal-passform","12":"product_tag-troja","13":"product_tag-tunika","15":"first","16":"instock","17":"taxable","18":"shipping-taxable","19":"purchasable","20":"product-type-variable"},"_links":{"self":[{"href":"https:\/\/sewingheartdesign.com\/en\/wp-json\/wp\/v2\/product\/3182"}],"collection":[{"href":"https:\/\/sewingheartdesign.com\/en\/wp-json\/wp\/v2\/product"}],"about":[{"href":"https:\/\/sewingheartdesign.com\/en\/wp-json\/wp\/v2\/types\/product"}],"wp:featuredmedia":[{"embeddable":true,"href":"https:\/\/sewingheartdesign.com\/en\/wp-json\/wp\/v2\/media\/3561"}],"wp:attachment":[{"href":"https:\/\/sewingheartdesign.com\/en\/wp-json\/wp\/v2\/media?parent=3182"}],"wp:term":[{"taxonomy":"product_cat","embeddable":true,"href":"https:\/\/sewingheartdesign.com\/en\/wp-json\/wp\/v2\/product_cat?post=3182"},{"taxonomy":"product_tag","embeddable":true,"href":"https:\/\/sewingheartdesign.com\/en\/wp-json\/wp\/v2\/product_tag?post=3182"}],"curies":[{"name":"wp","href":"https:\/\/api.w.org\/{rel}","templated":true}]}}