{"id":31795,"date":"2021-09-15T17:03:14","date_gmt":"2021-09-15T15:03:14","guid":{"rendered":"https:\/\/sewingheartdesign.com\/?post_type=product&#038;p=31795"},"modified":"2025-06-13T09:52:13","modified_gmt":"2025-06-13T07:52:13","slug":"minimarke-handmade-oval-10st-silver","status":"publish","type":"product","link":"https:\/\/sewingheartdesign.com\/en\/product\/minimarke-handmade-oval-10st-silver\/","title":{"rendered":"Minim\u00e4rke Handmade oval 10st (silver)"},"content":{"rendered":"<p>M\u00e4rken i metall.<\/p>\n<p>Zinklegering.<\/p>\n","protected":false},"excerpt":{"rendered":"<p>Dekorera kl\u00e4der, v\u00e4skor mm med dessa fina m\u00e4rken i metall.<\/p>\n<p>F\u00e4rg: Silver<br \/>\n11&#215;5 mm<br \/>\nAntal: 10st<\/p>\n","protected":false},"featured_media":31796,"template":"","meta":[],"product_cat":[522048112,522047981],"product_tag":[],"class_list":{"0":"post-31795","1":"product","2":"type-product","3":"status-publish","4":"has-post-thumbnail","6":"product_cat-tags","7":"product_cat-metalltags","9":"first","10":"instock","11":"taxable","12":"shipping-taxable","13":"purchasable","14":"product-type-simple"},"_links":{"self":[{"href":"https:\/\/sewingheartdesign.com\/en\/wp-json\/wp\/v2\/product\/31795"}],"collection":[{"href":"https:\/\/sewingheartdesign.com\/en\/wp-json\/wp\/v2\/product"}],"about":[{"href":"https:\/\/sewingheartdesign.com\/en\/wp-json\/wp\/v2\/types\/product"}],"wp:featuredmedia":[{"embeddable":true,"href":"https:\/\/sewingheartdesign.com\/en\/wp-json\/wp\/v2\/media\/31796"}],"wp:attachment":[{"href":"https:\/\/sewingheartdesign.com\/en\/wp-json\/wp\/v2\/media?parent=31795"}],"wp:term":[{"taxonomy":"product_cat","embeddable":true,"href":"https:\/\/sewingheartdesign.com\/en\/wp-json\/wp\/v2\/product_cat?post=31795"},{"taxonomy":"product_tag","embeddable":true,"href":"https:\/\/sewingheartdesign.com\/en\/wp-json\/wp\/v2\/product_tag?post=31795"}],"curies":[{"name":"wp","href":"https:\/\/api.w.org\/{rel}","templated":true}]}}