{"id":3177,"date":"2019-05-10T08:56:54","date_gmt":"2019-05-10T06:56:54","guid":{"rendered":"https:\/\/sewingheartdesign.com\/?post_type=product&#038;p=3177"},"modified":"2023-04-13T11:27:41","modified_gmt":"2023-04-13T09:27:41","slug":"panther-skirt","status":"publish","type":"product","link":"https:\/\/sewingheartdesign.com\/en\/produkt\/panther-skirt\/","title":{"rendered":"Panther Skirt"},"content":{"rendered":"<p><strong>Byxkjol. Damstorlek 32-60<\/strong><\/p>\n<p><span style=\"font-weight: 400;\"><i>Det perfekta plagget i v\u00e4rmen! Sval kjol med ben. Inget l\u00e5rskav.<\/i><\/span><\/p>\n<p><span style=\"font-weight: 400;\">Det h\u00e4r m\u00f6nstret \u00e4r t\u00e4nkt till trik\u00e5\/jersey och har ett antal olika variationsm\u00f6jligheter. H\u00f6g\/l\u00e5g midja, med eller utan fickor och 4 olika l\u00e4ngder p\u00e5 benen.\u00a0<\/span><\/p>\n<p>&nbsp;<\/p>\n<p><span style=\"font-weight: 400;\"><strong>Tyg:<\/strong> Trik\u00e5\/jersey, viscosetrik\u00e5, bambutrik\u00e5.<\/span><\/p>\n<p><span style=\"font-weight: 400;\"><strong>L\u00e4ngdanpassning!<\/strong> V\u00e4lj din l\u00e4ngd n\u00e4r du klipper ut delarna, 150-190cm<\/span><\/p>\n<p><span style=\"font-weight: 400;\">Utm\u00e4rkt <strong>f\u00e4rgkodade<\/strong> m\u00f6nster som inneh\u00e5ller b\u00e5de petit och plusstorlekar!<\/span><\/p>\n<p>&nbsp;<\/p>\n<p>Licensm\u00f6nster med r\u00e4tt till kommersiell f\u00f6rs\u00e4ljning av f\u00e4rdig produkt.<\/p>\n<p><em><strong>PDF-m\u00f6nster:<br \/>\n<\/strong>F\u00e5r inte kopieras, s\u00e4ljas eller sk\u00e4nkas bort. Ingen \u00e5ngerr\u00e4tt p\u00e5 digitala produkter.<\/em><em><br \/>\n<\/em>Anv\u00e4nd lager i pdf-l\u00e4saren och skriv endast ut den storlek du vill sy och klipp ut direkt.<\/p>\n","protected":false},"excerpt":{"rendered":"<p><i><span style=\"font-weight: 400;\">Det perfekta plagget i v\u00e4rmen! Sval kjol med ben. Inget l\u00e5rskav.<\/span><\/i><\/p>\n","protected":false},"featured_media":3551,"template":"","meta":[],"product_cat":[522047950,522047874,522047970,522047968,522047971],"product_tag":[522047945,522047933,522047938,522047944],"class_list":{"0":"post-3177","1":"product","2":"type-product","3":"status-publish","4":"has-post-thumbnail","6":"product_cat-monster","7":"product_cat-dammonster","8":"product_cat-gravid","9":"product_cat-dambottom","10":"product_cat-kjol","11":"product_tag-dambyxa","12":"product_tag-dammonster","13":"product_tag-gravid","14":"product_tag-los-passform","16":"first","17":"instock","18":"taxable","19":"shipping-taxable","20":"purchasable","21":"product-type-variable"},"_links":{"self":[{"href":"https:\/\/sewingheartdesign.com\/en\/wp-json\/wp\/v2\/product\/3177"}],"collection":[{"href":"https:\/\/sewingheartdesign.com\/en\/wp-json\/wp\/v2\/product"}],"about":[{"href":"https:\/\/sewingheartdesign.com\/en\/wp-json\/wp\/v2\/types\/product"}],"wp:featuredmedia":[{"embeddable":true,"href":"https:\/\/sewingheartdesign.com\/en\/wp-json\/wp\/v2\/media\/3551"}],"wp:attachment":[{"href":"https:\/\/sewingheartdesign.com\/en\/wp-json\/wp\/v2\/media?parent=3177"}],"wp:term":[{"taxonomy":"product_cat","embeddable":true,"href":"https:\/\/sewingheartdesign.com\/en\/wp-json\/wp\/v2\/product_cat?post=3177"},{"taxonomy":"product_tag","embeddable":true,"href":"https:\/\/sewingheartdesign.com\/en\/wp-json\/wp\/v2\/product_tag?post=3177"}],"curies":[{"name":"wp","href":"https:\/\/api.w.org\/{rel}","templated":true}]}}