{"id":31707,"date":"2021-09-14T20:15:20","date_gmt":"2021-09-14T18:15:20","guid":{"rendered":"https:\/\/sewingheartdesign.com\/?post_type=product&#038;p=31707"},"modified":"2024-11-11T20:44:31","modified_gmt":"2024-11-11T19:44:31","slug":"tryckknapp-11mm-ljusbla","status":"publish","type":"product","link":"https:\/\/sewingheartdesign.com\/en\/produkt\/tryckknapp-11mm-ljusbla\/","title":{"rendered":"Tryckknapp 11mm (ljusbl\u00e5)"},"content":{"rendered":"<p>Fina och praktiska tryckknappar i metall.<\/p>\n<p>De of\u00e4rgade delarna \u00e4r ca 10,8mm och den f\u00e4rgade delen \u00e4r 11mm.<br \/>\nDessa \u00e4r likv\u00e4rdiga i storlek med Pryms 10mm tryckknappar och fungerar med Pryms verktyg.<\/p>\n<p>Snygga f\u00e4rger som livar upp plaggen.<\/p>\n<p>&nbsp;<\/p>\n<p>Passar till: <a href=\"https:\/\/sewingheartdesign.com\/produkt\/pressverktyg-dk-93-a\/\">Pressverktyg<\/a><\/p>\n","protected":false},"excerpt":{"rendered":"<p><em>Fina och praktiska tryckknappar i metall<\/em><\/p>\n","protected":false},"featured_media":31695,"template":"","meta":[],"product_cat":[522048299],"product_tag":[],"class_list":{"0":"post-31707","1":"product","2":"type-product","3":"status-publish","4":"has-post-thumbnail","6":"product_cat-tryckknappar-11-mm","8":"first","9":"instock","10":"taxable","11":"shipping-taxable","12":"purchasable","13":"product-type-variable"},"_links":{"self":[{"href":"https:\/\/sewingheartdesign.com\/en\/wp-json\/wp\/v2\/product\/31707"}],"collection":[{"href":"https:\/\/sewingheartdesign.com\/en\/wp-json\/wp\/v2\/product"}],"about":[{"href":"https:\/\/sewingheartdesign.com\/en\/wp-json\/wp\/v2\/types\/product"}],"wp:featuredmedia":[{"embeddable":true,"href":"https:\/\/sewingheartdesign.com\/en\/wp-json\/wp\/v2\/media\/31695"}],"wp:attachment":[{"href":"https:\/\/sewingheartdesign.com\/en\/wp-json\/wp\/v2\/media?parent=31707"}],"wp:term":[{"taxonomy":"product_cat","embeddable":true,"href":"https:\/\/sewingheartdesign.com\/en\/wp-json\/wp\/v2\/product_cat?post=31707"},{"taxonomy":"product_tag","embeddable":true,"href":"https:\/\/sewingheartdesign.com\/en\/wp-json\/wp\/v2\/product_tag?post=31707"}],"curies":[{"name":"wp","href":"https:\/\/api.w.org\/{rel}","templated":true}]}}