{"id":3163,"date":"2019-05-09T20:10:45","date_gmt":"2019-05-09T18:10:45","guid":{"rendered":"https:\/\/sewingheartdesign.com\/?post_type=product&#038;p=3163"},"modified":"2024-01-08T12:18:19","modified_gmt":"2024-01-08T11:18:19","slug":"cumulus","status":"publish","type":"product","link":"https:\/\/sewingheartdesign.com\/en\/product\/cumulus\/","title":{"rendered":"Cumulus"},"content":{"rendered":"<p><strong>Jacka\/Kappa. Damstorlek XS-4XL<\/strong><\/p>\n<p><i><span style=\"font-weight: 400;\">Det \u00e4r enklare \u00e4n du tror att sy en snygg jacka! Utf\u00f6rlig beskrivning med bilder!<\/span><\/i><\/p>\n<p><span style=\"font-weight: 400;\">Regnjacka, vindjacka, sportjacka. Jacka\/kappa att sy i stumma tyger tex softshell, stum jogging, v\u00e4vt bomullstyg mm. L\u00e5ng eller kort modell. Krage, huva eller b\u00e5de krage och huva. Inv\u00e4ndiga eller utv\u00e4ndiga fickor.\u00a0<\/span><\/p>\n<p><strong>PDF:\u00a0<\/strong>M\u00f6nstret \u00e4r enkelt att skriva ut. Anv\u00e4nd lager i pdf-l\u00e4saren och skriv endast ut den storlek du vill sy och klipp ut direkt. M\u00f6nstret best\u00e5r av\u00a0<strong>27 A4-sidor<\/strong> ej \u00f6verlappande m\u00f6nsterdelar.<\/p>\n<p><strong>PDF f\u00f6r projektor:<\/strong>\u00a0Projektorfil ing\u00e5r f\u00f6r projicering av m\u00f6nstret f\u00f6r enklare och snabbare s\u00f6mnad. Anv\u00e4nd lager-funktionen och sl\u00e4ck de storlekar du inte beh\u00f6ver. Rutn\u00e4t f\u00f6r kalibrering.<\/p>\n<p><strong>Pappersm\u00f6nster:\u00a0<\/strong>Skickas hem till dig i brevl\u00e5dan. Rita av och sy\u00a0<img decoding=\"async\" class=\"emoji\" role=\"img\" draggable=\"false\" src=\"https:\/\/s.w.org\/images\/core\/emoji\/13.1.0\/svg\/1f642.svg\" alt=\"\ud83d\ude42\" \/><\/p>\n<p>&nbsp;<\/p>\n<p><span style=\"font-weight: 400;\"><strong>Tyg:<\/strong> softshell, v\u00e4vt tyg, regntyg.<\/span><\/p>\n<p><strong>L\u00e4ngdanpassning!<\/strong> V\u00e4lj din l\u00e4ngd n\u00e4r du klipper ut delarna, 150-190cm<\/p>\n<p>Utm\u00e4rkt <strong>f\u00e4rgkodade<\/strong> m\u00f6nster som inneh\u00e5ller b\u00e5de petit och plusstorlekar!<\/p>\n<p>&nbsp;<\/p>\n<p>Licensm\u00f6nster med r\u00e4tt till kommersiell f\u00f6rs\u00e4ljning av f\u00e4rdig produkt.<\/p>\n<p><em><strong>PDF-m\u00f6nster:<br \/>\n<\/strong>F\u00e5r inte kopieras, s\u00e4ljas eller sk\u00e4nkas bort. Ingen \u00e5ngerr\u00e4tt p\u00e5 digitala produkter.<\/em><em><br \/>\n<\/em>Anv\u00e4nd lager i pdf-l\u00e4saren och skriv endast ut den storlek du vill sy och klipp ut direkt.<\/p>\n<p>&nbsp;<\/p>\n","protected":false},"excerpt":{"rendered":"<p><i><span style=\"font-weight: 400;\">Det \u00e4r enklare \u00e4n du tror att sy en snygg jacka! Utf\u00f6rlig beskrivning med bilder!<\/span><\/i><\/p>\n[metaslider id=\"1396\"]\n","protected":false},"featured_media":34545,"template":"","meta":[],"product_cat":[522047950,522047874,522047969,522047967],"product_tag":[522047933,522047940,522048310,522047942,522047941],"class_list":{"0":"post-3163","1":"product","2":"type-product","3":"status-publish","4":"has-post-thumbnail","6":"product_cat-monster","7":"product_cat-dammonster","8":"product_cat-damvavt","9":"product_cat-damtop","10":"product_tag-dammonster","11":"product_tag-normal-passform","12":"product_tag-projektor","13":"product_tag-vavt-tyg","14":"product_tag-ytterklader","16":"first","17":"instock","18":"taxable","19":"shipping-taxable","20":"purchasable","21":"product-type-variable"},"_links":{"self":[{"href":"https:\/\/sewingheartdesign.com\/en\/wp-json\/wp\/v2\/product\/3163"}],"collection":[{"href":"https:\/\/sewingheartdesign.com\/en\/wp-json\/wp\/v2\/product"}],"about":[{"href":"https:\/\/sewingheartdesign.com\/en\/wp-json\/wp\/v2\/types\/product"}],"wp:featuredmedia":[{"embeddable":true,"href":"https:\/\/sewingheartdesign.com\/en\/wp-json\/wp\/v2\/media\/34545"}],"wp:attachment":[{"href":"https:\/\/sewingheartdesign.com\/en\/wp-json\/wp\/v2\/media?parent=3163"}],"wp:term":[{"taxonomy":"product_cat","embeddable":true,"href":"https:\/\/sewingheartdesign.com\/en\/wp-json\/wp\/v2\/product_cat?post=3163"},{"taxonomy":"product_tag","embeddable":true,"href":"https:\/\/sewingheartdesign.com\/en\/wp-json\/wp\/v2\/product_tag?post=3163"}],"curies":[{"name":"wp","href":"https:\/\/api.w.org\/{rel}","templated":true}]}}