{"id":3155,"date":"2019-05-09T20:01:30","date_gmt":"2019-05-09T18:01:30","guid":{"rendered":"https:\/\/sewingheartdesign.com\/?post_type=product&#038;p=3155"},"modified":"2019-06-29T08:04:13","modified_gmt":"2019-06-29T06:04:13","slug":"swedish-summer-top","status":"publish","type":"product","link":"https:\/\/sewingheartdesign.com\/en\/product\/swedish-summer-top\/","title":{"rendered":"Swedish Summer Top"},"content":{"rendered":"<p><strong>Topp\/Tunika. Damstorlek 32-60<\/strong><\/p>\n<p><span style=\"font-weight: 400;\"><i>Otroligt l\u00e4ttsydd!<\/i><\/span><\/p>\n<p><span style=\"font-weight: 400;\">Det h\u00e4r m\u00f6nstret \u00e4r t\u00e4nkt till trik\u00e5\/jersey och har ett antal olika variationsm\u00f6jligheter. Delat fram\/bakstycke, kort eller 3\/4-\u00e4rm som antingen \u00e4r samma tyg eller i annat tyg, u eller v-urringning, top eller kl\u00e4nning.<\/span><\/p>\n<p>&nbsp;<\/p>\n<p><span style=\"font-weight: 400;\"><strong>Tyg:<\/strong> Trik\u00e5\/jersey, viscosetrik\u00e5.<\/span><\/p>\n<p><strong>L\u00e4ngdanpassning!<\/strong> V\u00e4lj din l\u00e4ngd n\u00e4r du klipper ut delarna, 150-190cm<\/p>\n<p>Utm\u00e4rkt <strong>f\u00e4rgkodade<\/strong> m\u00f6nster som inneh\u00e5ller b\u00e5de petit och plusstorlekar!<\/p>\n<p>&nbsp;<\/p>\n<p>Licensm\u00f6nster med r\u00e4tt till kommersiell f\u00f6rs\u00e4ljning av f\u00e4rdig produkt.<\/p>\n<p><em><strong>PDF-m\u00f6nster:<br \/>\n<\/strong>F\u00e5r inte kopieras, s\u00e4ljas eller sk\u00e4nkas bort. Ingen \u00e5ngerr\u00e4tt p\u00e5 digitala produkter.<\/em><em><br \/>\n<\/em>Anv\u00e4nd lager i pdf-l\u00e4saren och skriv endast ut den storlek du vill sy och klipp ut direkt.<\/p>\n<p>&nbsp;<\/p>\n","protected":false},"excerpt":{"rendered":"<p><i><span style=\"font-weight: 400;\">Otroligt l\u00e4ttsydd!<\/span><\/i><\/p>\n","protected":false},"featured_media":3523,"template":"","meta":[],"product_cat":[522047950,522047874,522047967],"product_tag":[522047933,522047936,522047940,522047934,522047935],"class_list":{"0":"post-3155","1":"product","2":"type-product","3":"status-publish","4":"has-post-thumbnail","6":"product_cat-monster","7":"product_cat-dammonster","8":"product_cat-damtop","9":"product_tag-dammonster","10":"product_tag-klanning","11":"product_tag-normal-passform","12":"product_tag-troja","13":"product_tag-tunika","15":"first","16":"instock","17":"taxable","18":"shipping-taxable","19":"purchasable","20":"product-type-variable"},"_links":{"self":[{"href":"https:\/\/sewingheartdesign.com\/en\/wp-json\/wp\/v2\/product\/3155"}],"collection":[{"href":"https:\/\/sewingheartdesign.com\/en\/wp-json\/wp\/v2\/product"}],"about":[{"href":"https:\/\/sewingheartdesign.com\/en\/wp-json\/wp\/v2\/types\/product"}],"wp:featuredmedia":[{"embeddable":true,"href":"https:\/\/sewingheartdesign.com\/en\/wp-json\/wp\/v2\/media\/3523"}],"wp:attachment":[{"href":"https:\/\/sewingheartdesign.com\/en\/wp-json\/wp\/v2\/media?parent=3155"}],"wp:term":[{"taxonomy":"product_cat","embeddable":true,"href":"https:\/\/sewingheartdesign.com\/en\/wp-json\/wp\/v2\/product_cat?post=3155"},{"taxonomy":"product_tag","embeddable":true,"href":"https:\/\/sewingheartdesign.com\/en\/wp-json\/wp\/v2\/product_tag?post=3155"}],"curies":[{"name":"wp","href":"https:\/\/api.w.org\/{rel}","templated":true}]}}