{"id":31424,"date":"2021-07-16T15:43:23","date_gmt":"2021-07-16T13:43:23","guid":{"rendered":"https:\/\/sewingheartdesign.com\/?post_type=product&#038;p=31424"},"modified":"2024-01-31T10:36:05","modified_gmt":"2024-01-31T09:36:05","slug":"minimarke-handmade-blomma-antik","status":"publish","type":"product","link":"https:\/\/sewingheartdesign.com\/en\/produkt\/minimarke-handmade-blomma-antik\/","title":{"rendered":"Minim\u00e4rke Handmade blomma 10st (antik)"},"content":{"rendered":"<p>M\u00e4rken i metall.<\/p>\n<p>Zinklegering.<\/p>\n","protected":false},"excerpt":{"rendered":"<p>Dekorera kl\u00e4der, v\u00e4skor mm med dessa fina m\u00e4rken i metall.<\/p>\n<p>F\u00e4rg: Antik<br \/>\n8&#215;8 mm<br \/>\nAntal: 10st<\/p>\n","protected":false},"featured_media":31469,"template":"","meta":[],"product_cat":[522048112,522047981],"product_tag":[],"class_list":{"0":"post-31424","1":"product","2":"type-product","3":"status-publish","4":"has-post-thumbnail","6":"product_cat-tags","7":"product_cat-metalltags","9":"first","10":"instock","11":"taxable","12":"shipping-taxable","13":"purchasable","14":"product-type-simple"},"_links":{"self":[{"href":"https:\/\/sewingheartdesign.com\/en\/wp-json\/wp\/v2\/product\/31424"}],"collection":[{"href":"https:\/\/sewingheartdesign.com\/en\/wp-json\/wp\/v2\/product"}],"about":[{"href":"https:\/\/sewingheartdesign.com\/en\/wp-json\/wp\/v2\/types\/product"}],"wp:featuredmedia":[{"embeddable":true,"href":"https:\/\/sewingheartdesign.com\/en\/wp-json\/wp\/v2\/media\/31469"}],"wp:attachment":[{"href":"https:\/\/sewingheartdesign.com\/en\/wp-json\/wp\/v2\/media?parent=31424"}],"wp:term":[{"taxonomy":"product_cat","embeddable":true,"href":"https:\/\/sewingheartdesign.com\/en\/wp-json\/wp\/v2\/product_cat?post=31424"},{"taxonomy":"product_tag","embeddable":true,"href":"https:\/\/sewingheartdesign.com\/en\/wp-json\/wp\/v2\/product_tag?post=31424"}],"curies":[{"name":"wp","href":"https:\/\/api.w.org\/{rel}","templated":true}]}}