{"id":31144,"date":"2021-05-11T18:35:04","date_gmt":"2021-05-11T16:35:04","guid":{"rendered":"https:\/\/sewingheartdesign.com\/?post_type=product&#038;p=31144"},"modified":"2025-06-13T09:52:13","modified_gmt":"2025-06-13T07:52:13","slug":"marke-med-ogla","status":"publish","type":"product","link":"https:\/\/sewingheartdesign.com\/en\/produkt\/marke-med-ogla\/","title":{"rendered":"M\u00e4rke med \u00f6gla"},"content":{"rendered":"<p>M\u00e4rken i fuskl\u00e4der med \u00f6gla i metall.<\/p>\n","protected":false},"excerpt":{"rendered":"<p>Dekorera kl\u00e4der, v\u00e4skor mm med dessa fina m\u00e4rken i fuskl\u00e4der.<\/p>\n<p>45&#215;15 mm<br \/>\n\u00d6gla 13mm<\/p>\n<p>Text: JEANS STYLE<\/p>\n","protected":false},"featured_media":31146,"template":"","meta":[],"product_cat":[522048112,522047982],"product_tag":[],"class_list":{"0":"post-31144","1":"product","2":"type-product","3":"status-publish","4":"has-post-thumbnail","6":"product_cat-tags","7":"product_cat-putags","9":"first","10":"instock","11":"taxable","12":"shipping-taxable","13":"purchasable","14":"product-type-simple"},"_links":{"self":[{"href":"https:\/\/sewingheartdesign.com\/en\/wp-json\/wp\/v2\/product\/31144"}],"collection":[{"href":"https:\/\/sewingheartdesign.com\/en\/wp-json\/wp\/v2\/product"}],"about":[{"href":"https:\/\/sewingheartdesign.com\/en\/wp-json\/wp\/v2\/types\/product"}],"wp:featuredmedia":[{"embeddable":true,"href":"https:\/\/sewingheartdesign.com\/en\/wp-json\/wp\/v2\/media\/31146"}],"wp:attachment":[{"href":"https:\/\/sewingheartdesign.com\/en\/wp-json\/wp\/v2\/media?parent=31144"}],"wp:term":[{"taxonomy":"product_cat","embeddable":true,"href":"https:\/\/sewingheartdesign.com\/en\/wp-json\/wp\/v2\/product_cat?post=31144"},{"taxonomy":"product_tag","embeddable":true,"href":"https:\/\/sewingheartdesign.com\/en\/wp-json\/wp\/v2\/product_tag?post=31144"}],"curies":[{"name":"wp","href":"https:\/\/api.w.org\/{rel}","templated":true}]}}