{"id":31091,"date":"2021-05-07T09:33:57","date_gmt":"2021-05-07T07:33:57","guid":{"rendered":"https:\/\/sewingheartdesign.com\/?post_type=product&#038;p=31091"},"modified":"2026-03-27T10:39:46","modified_gmt":"2026-03-27T09:39:46","slug":"snorande-konisk-metall-morkgra","status":"publish","type":"product","link":"https:\/\/sewingheartdesign.com\/en\/produkt\/snorande-konisk-metall-morkgra\/","title":{"rendered":"Sn\u00f6r\u00e4nde konisk, metall, m\u00f6rkgr\u00e5"},"content":{"rendered":"<p>Sn\u00f6rstopp i metall.<br \/>\nTr\u00e4 p\u00e5 sn\u00f6ret. Knyt en knut.<\/p>\n<p><strong>Bredd x h\u00f6jd:<\/strong> 12x15mm<br \/>\n<strong>H\u00e5l f\u00f6r sn\u00f6re:<\/strong> ca 5mm<br \/>\n<strong>Antal:<\/strong> 2 st<\/p>\n","protected":false},"excerpt":{"rendered":"<p><em>Sn\u00f6rstopp f\u00f6r att snabbt och enkelt f\u00f6rhindra att sn\u00f6ret glider ut \u00f6ljetter, sn\u00f6rl\u00e5s mm.<\/em><\/p>\n<p>Sn\u00f6rstopp i metall.<br \/>\nTr\u00e4 p\u00e5 sn\u00f6ret. Knyt en knut.<\/p>\n<p><strong>Bredd x h\u00f6jd:<\/strong> 12x15mm<br \/>\n<strong>H\u00e5l f\u00f6r sn\u00f6re:<\/strong> ca 5mm<br \/>\n<strong>Antal:<\/strong> 2 st<\/p>\n","protected":false},"featured_media":31094,"template":"","meta":[],"product_cat":[522048335,522047983,522048123],"product_tag":[],"class_list":{"0":"post-31091","1":"product","2":"type-product","3":"status-publish","4":"has-post-thumbnail","6":"product_cat-snorandar-metall","7":"product_cat-snoren-mm","8":"product_cat-snorandar","10":"first","11":"instock","12":"taxable","13":"shipping-taxable","14":"purchasable","15":"product-type-simple"},"_links":{"self":[{"href":"https:\/\/sewingheartdesign.com\/en\/wp-json\/wp\/v2\/product\/31091"}],"collection":[{"href":"https:\/\/sewingheartdesign.com\/en\/wp-json\/wp\/v2\/product"}],"about":[{"href":"https:\/\/sewingheartdesign.com\/en\/wp-json\/wp\/v2\/types\/product"}],"wp:featuredmedia":[{"embeddable":true,"href":"https:\/\/sewingheartdesign.com\/en\/wp-json\/wp\/v2\/media\/31094"}],"wp:attachment":[{"href":"https:\/\/sewingheartdesign.com\/en\/wp-json\/wp\/v2\/media?parent=31091"}],"wp:term":[{"taxonomy":"product_cat","embeddable":true,"href":"https:\/\/sewingheartdesign.com\/en\/wp-json\/wp\/v2\/product_cat?post=31091"},{"taxonomy":"product_tag","embeddable":true,"href":"https:\/\/sewingheartdesign.com\/en\/wp-json\/wp\/v2\/product_tag?post=31091"}],"curies":[{"name":"wp","href":"https:\/\/api.w.org\/{rel}","templated":true}]}}