{"id":30927,"date":"2021-04-23T19:27:10","date_gmt":"2021-04-23T17:27:10","guid":{"rendered":"https:\/\/sewingheartdesign.com\/?post_type=product&#038;p=30927"},"modified":"2025-11-13T21:00:07","modified_gmt":"2025-11-13T20:00:07","slug":"tape-for-dragkedja-15mm-vit-med-lim","status":"publish","type":"product","link":"https:\/\/sewingheartdesign.com\/en\/produkt\/tape-for-dragkedja-15mm-vit-med-lim\/","title":{"rendered":"15mm, vit med lim"},"content":{"rendered":"<p>TV\u00c5 METODER F\u00d6R ATT BYTA UT PINNE\/L\u00c5S P\u00c5 DRAGKEDJA<\/p>\n<p>MED TAPE<br \/>\n1. V\u00e4rm en platt t\u00e5ng med en t\u00e4ndare<br \/>\n2. Kl\u00e4m ihop tapen<br \/>\n3. Klipp bort \u00f6verfl\u00f6det<br \/>\n4. V\u00e4rm kanten f\u00f6r att ta bort ev fnas<br \/>\n5. Lite superlim p\u00e5 kanten<br \/>\n6. Stoppa dit pinnen eller l\u00e5set<br \/>\n7. Kl\u00e4m ihop kanten p\u00e5 pinnen eller l\u00e5set med en t\u00e5ng<\/p>\n<p>UTAN TAPE<br \/>\n1. Lite superlim p\u00e5 kanten<br \/>\n2. Stoppa dit pinnen eller l\u00e5set<br \/>\n3. Kl\u00e4m ihop kanten p\u00e5 pinnen eller l\u00e5set med en t\u00e5ng<\/p>\n","protected":false},"excerpt":{"rendered":"<p>Tape f\u00f6r dragkedja.<\/p>\n<p>F\u00e4rg: Vit med lim. Texturerad yta<\/p>\n<p>Storlek: 1.5 x 6cm<\/p>\n","protected":false},"featured_media":30935,"template":"","meta":[],"product_cat":[522048307],"product_tag":[],"class_list":{"0":"post-30927","1":"product","2":"type-product","3":"status-publish","4":"has-post-thumbnail","6":"product_cat-grupperade-produkter","8":"first","9":"instock","10":"taxable","11":"shipping-taxable","12":"purchasable","13":"product-type-simple"},"_links":{"self":[{"href":"https:\/\/sewingheartdesign.com\/en\/wp-json\/wp\/v2\/product\/30927"}],"collection":[{"href":"https:\/\/sewingheartdesign.com\/en\/wp-json\/wp\/v2\/product"}],"about":[{"href":"https:\/\/sewingheartdesign.com\/en\/wp-json\/wp\/v2\/types\/product"}],"wp:featuredmedia":[{"embeddable":true,"href":"https:\/\/sewingheartdesign.com\/en\/wp-json\/wp\/v2\/media\/30935"}],"wp:attachment":[{"href":"https:\/\/sewingheartdesign.com\/en\/wp-json\/wp\/v2\/media?parent=30927"}],"wp:term":[{"taxonomy":"product_cat","embeddable":true,"href":"https:\/\/sewingheartdesign.com\/en\/wp-json\/wp\/v2\/product_cat?post=30927"},{"taxonomy":"product_tag","embeddable":true,"href":"https:\/\/sewingheartdesign.com\/en\/wp-json\/wp\/v2\/product_tag?post=30927"}],"curies":[{"name":"wp","href":"https:\/\/api.w.org\/{rel}","templated":true}]}}