{"id":30390,"date":"2021-02-16T18:50:09","date_gmt":"2021-02-16T17:50:09","guid":{"rendered":"https:\/\/sewingheartdesign.com\/?post_type=product&#038;p=30390"},"modified":"2025-10-29T06:05:07","modified_gmt":"2025-10-29T05:05:07","slug":"spanne-med-klammor-blommor","status":"publish","type":"product","link":"https:\/\/sewingheartdesign.com\/en\/produkt\/spanne-med-klammor-blommor\/","title":{"rendered":"Sp\u00e4nne med kl\u00e4mmor, blommor"},"content":{"rendered":"<p>Rektangul\u00e4rt sp\u00e4nne med kl\u00e4mmor f\u00f6r koftor, mm. Blommor<\/p>\n","protected":false},"excerpt":{"rendered":"<p><em>Sp\u00e4nne med kl\u00e4mmor f\u00f6r koftor, mm<\/em><\/p>\n<p>3.5 x 12.5 cm<\/p>\n","protected":false},"featured_media":30392,"template":"","meta":[],"product_cat":[522048261],"product_tag":[],"class_list":{"0":"post-30390","1":"product","2":"type-product","3":"status-publish","4":"has-post-thumbnail","6":"product_cat-spannen","8":"first","9":"instock","10":"taxable","11":"shipping-taxable","12":"purchasable","13":"product-type-simple"},"_links":{"self":[{"href":"https:\/\/sewingheartdesign.com\/en\/wp-json\/wp\/v2\/product\/30390"}],"collection":[{"href":"https:\/\/sewingheartdesign.com\/en\/wp-json\/wp\/v2\/product"}],"about":[{"href":"https:\/\/sewingheartdesign.com\/en\/wp-json\/wp\/v2\/types\/product"}],"wp:featuredmedia":[{"embeddable":true,"href":"https:\/\/sewingheartdesign.com\/en\/wp-json\/wp\/v2\/media\/30392"}],"wp:attachment":[{"href":"https:\/\/sewingheartdesign.com\/en\/wp-json\/wp\/v2\/media?parent=30390"}],"wp:term":[{"taxonomy":"product_cat","embeddable":true,"href":"https:\/\/sewingheartdesign.com\/en\/wp-json\/wp\/v2\/product_cat?post=30390"},{"taxonomy":"product_tag","embeddable":true,"href":"https:\/\/sewingheartdesign.com\/en\/wp-json\/wp\/v2\/product_tag?post=30390"}],"curies":[{"name":"wp","href":"https:\/\/api.w.org\/{rel}","templated":true}]}}