{"id":2986,"date":"2019-05-05T21:34:07","date_gmt":"2019-05-05T19:34:07","guid":{"rendered":"https:\/\/sewingheartdesign.com\/?post_type=product&#038;p=2986"},"modified":"2025-06-28T17:19:17","modified_gmt":"2025-06-28T15:19:17","slug":"dubbelnit-7x5-silver","status":"publish","type":"product","link":"https:\/\/sewingheartdesign.com\/en\/produkt\/dubbelnit-7x5-silver\/","title":{"rendered":"7&#215;5, silver"},"content":{"rendered":"<p><em>Nitar f\u00f6r dekoration p\u00e5 v\u00e4skor, kl\u00e4der mm.<\/em><\/p>\n<p>Anv\u00e4nd fantasin och dekorera fritt.<\/p>\n<p>Dubbelniten har en snyggt svagt rundad framsida och baksida.<\/p>\n<p>&nbsp;<\/p>\n<p>&nbsp;<\/p>\n","protected":false},"excerpt":{"rendered":"<p><em>Nitar f\u00f6r dekoration p\u00e5 v\u00e4skor, kl\u00e4der mm.<\/em><\/p>\n<p>Dubbelniten har en snyggt svagt rundad framsida och baksida.<\/p>\n","protected":false},"featured_media":25525,"template":"","meta":[],"product_cat":[522048307],"product_tag":[],"class_list":{"0":"post-2986","1":"product","2":"type-product","3":"status-publish","4":"has-post-thumbnail","6":"product_cat-grupperade-produkter","8":"first","9":"instock","10":"taxable","11":"shipping-taxable","12":"purchasable","13":"product-type-variable","14":"has-default-attributes"},"_links":{"self":[{"href":"https:\/\/sewingheartdesign.com\/en\/wp-json\/wp\/v2\/product\/2986"}],"collection":[{"href":"https:\/\/sewingheartdesign.com\/en\/wp-json\/wp\/v2\/product"}],"about":[{"href":"https:\/\/sewingheartdesign.com\/en\/wp-json\/wp\/v2\/types\/product"}],"wp:featuredmedia":[{"embeddable":true,"href":"https:\/\/sewingheartdesign.com\/en\/wp-json\/wp\/v2\/media\/25525"}],"wp:attachment":[{"href":"https:\/\/sewingheartdesign.com\/en\/wp-json\/wp\/v2\/media?parent=2986"}],"wp:term":[{"taxonomy":"product_cat","embeddable":true,"href":"https:\/\/sewingheartdesign.com\/en\/wp-json\/wp\/v2\/product_cat?post=2986"},{"taxonomy":"product_tag","embeddable":true,"href":"https:\/\/sewingheartdesign.com\/en\/wp-json\/wp\/v2\/product_tag?post=2986"}],"curies":[{"name":"wp","href":"https:\/\/api.w.org\/{rel}","templated":true}]}}