{"id":29536,"date":"2020-11-16T18:13:02","date_gmt":"2020-11-16T17:13:02","guid":{"rendered":"https:\/\/sewingheartdesign.com\/?post_type=product&#038;p=29536"},"modified":"2025-09-24T11:22:43","modified_gmt":"2025-09-24T09:22:43","slug":"resarsnore-2-5mm-orange","status":"publish","type":"product","link":"https:\/\/sewingheartdesign.com\/en\/produkt\/resarsnore-2-5mm-orange\/","title":{"rendered":"Res\u00e5rsn\u00f6re 2.5mm orange"},"content":{"rendered":"<p>Fint res\u00e5rsn\u00f6re f\u00f6r huvtr\u00f6jor, jackor, v\u00e4skor, skor mm<\/p>\n<p>L\u00e4ngd: 5 m<\/p>\n<p>Diameter: 2.5 mm<\/p>\n","protected":false},"excerpt":{"rendered":"<p>Fint res\u00e5rsn\u00f6re f\u00f6r huvtr\u00f6jor, jackor, v\u00e4skor, skor mm<\/p>\n<p>L\u00e4ngd: 5 m<\/p>\n","protected":false},"featured_media":29140,"template":"","meta":[],"product_cat":[522048260],"product_tag":[],"class_list":{"0":"post-29536","1":"product","2":"type-product","3":"status-publish","4":"has-post-thumbnail","6":"product_cat-resar","8":"first","9":"instock","10":"taxable","11":"shipping-taxable","12":"purchasable","13":"product-type-simple"},"_links":{"self":[{"href":"https:\/\/sewingheartdesign.com\/en\/wp-json\/wp\/v2\/product\/29536"}],"collection":[{"href":"https:\/\/sewingheartdesign.com\/en\/wp-json\/wp\/v2\/product"}],"about":[{"href":"https:\/\/sewingheartdesign.com\/en\/wp-json\/wp\/v2\/types\/product"}],"wp:featuredmedia":[{"embeddable":true,"href":"https:\/\/sewingheartdesign.com\/en\/wp-json\/wp\/v2\/media\/29140"}],"wp:attachment":[{"href":"https:\/\/sewingheartdesign.com\/en\/wp-json\/wp\/v2\/media?parent=29536"}],"wp:term":[{"taxonomy":"product_cat","embeddable":true,"href":"https:\/\/sewingheartdesign.com\/en\/wp-json\/wp\/v2\/product_cat?post=29536"},{"taxonomy":"product_tag","embeddable":true,"href":"https:\/\/sewingheartdesign.com\/en\/wp-json\/wp\/v2\/product_tag?post=29536"}],"curies":[{"name":"wp","href":"https:\/\/api.w.org\/{rel}","templated":true}]}}