{"id":2944,"date":"2019-05-03T12:37:32","date_gmt":"2019-05-03T10:37:32","guid":{"rendered":"https:\/\/sewingheartdesign.com\/?post_type=product&#038;p=2944"},"modified":"2023-11-28T15:42:01","modified_gmt":"2023-11-28T14:42:01","slug":"rullblad-5-st","status":"publish","type":"product","link":"https:\/\/sewingheartdesign.com\/en\/product\/rullblad-5-st\/","title":{"rendered":"Rullblad 5 st"},"content":{"rendered":"<p><em>Byt till nya vassa blad i din rullkniv. <\/em><\/p>\n<p>Rullblad 5 st.<\/p>\n<p>&nbsp;<\/p>\n<p><strong>Passar till:<\/strong> 45mm rullkniv<\/p>\n<p>&nbsp;<\/p>\n<p><em>Torka av \u00f6verfl\u00f6dig olja fr\u00e5n kniven innan du b\u00f6rjar anv\u00e4nda den.<\/em><\/p>\n","protected":false},"excerpt":{"rendered":"<p><em>Byt till nya vassa blad i din rullkniv. <\/em><\/p>\n","protected":false},"featured_media":26035,"template":"","meta":[],"product_cat":[522047895],"product_tag":[],"class_list":{"0":"post-2944","1":"product","2":"type-product","3":"status-publish","4":"has-post-thumbnail","6":"product_cat-ovrigt","8":"first","9":"instock","10":"taxable","11":"shipping-taxable","12":"purchasable","13":"product-type-simple"},"_links":{"self":[{"href":"https:\/\/sewingheartdesign.com\/en\/wp-json\/wp\/v2\/product\/2944"}],"collection":[{"href":"https:\/\/sewingheartdesign.com\/en\/wp-json\/wp\/v2\/product"}],"about":[{"href":"https:\/\/sewingheartdesign.com\/en\/wp-json\/wp\/v2\/types\/product"}],"wp:featuredmedia":[{"embeddable":true,"href":"https:\/\/sewingheartdesign.com\/en\/wp-json\/wp\/v2\/media\/26035"}],"wp:attachment":[{"href":"https:\/\/sewingheartdesign.com\/en\/wp-json\/wp\/v2\/media?parent=2944"}],"wp:term":[{"taxonomy":"product_cat","embeddable":true,"href":"https:\/\/sewingheartdesign.com\/en\/wp-json\/wp\/v2\/product_cat?post=2944"},{"taxonomy":"product_tag","embeddable":true,"href":"https:\/\/sewingheartdesign.com\/en\/wp-json\/wp\/v2\/product_tag?post=2944"}],"curies":[{"name":"wp","href":"https:\/\/api.w.org\/{rel}","templated":true}]}}