{"id":29352,"date":"2020-11-02T13:45:24","date_gmt":"2020-11-02T12:45:24","guid":{"rendered":"https:\/\/sewingheartdesign.com\/?post_type=product&#038;p=29352"},"modified":"2023-12-10T22:57:03","modified_gmt":"2023-12-10T21:57:03","slug":"resar-50mm-lila","status":"publish","type":"product","link":"https:\/\/sewingheartdesign.com\/en\/produkt\/resar-50mm-lila\/","title":{"rendered":"Res\u00e5r, 50mm, lila"},"content":{"rendered":"<p>Bred stabil res\u00e5r, 50mm. Passar bra till b\u00e4lten.<\/p>\n<div class=\"woocommerce-product-details__short-description\">\n<p>S\u00e4ljs per decimeter<\/p>\n<\/div>\n","protected":false},"excerpt":{"rendered":"<p>Bred stabil res\u00e5r, 50mm. Passar bra till b\u00e4lten.<\/p>\n<div class=\"woocommerce-product-details__short-description\">\n<p>S\u00e4ljs per decimeter<\/p>\n<\/div>\n","protected":false},"featured_media":29345,"template":"","meta":[],"product_cat":[522048260],"product_tag":[],"class_list":{"0":"post-29352","1":"product","2":"type-product","3":"status-publish","4":"has-post-thumbnail","6":"product_cat-resar","8":"first","9":"instock","10":"taxable","11":"shipping-taxable","12":"purchasable","13":"product-type-simple"},"_links":{"self":[{"href":"https:\/\/sewingheartdesign.com\/en\/wp-json\/wp\/v2\/product\/29352"}],"collection":[{"href":"https:\/\/sewingheartdesign.com\/en\/wp-json\/wp\/v2\/product"}],"about":[{"href":"https:\/\/sewingheartdesign.com\/en\/wp-json\/wp\/v2\/types\/product"}],"wp:featuredmedia":[{"embeddable":true,"href":"https:\/\/sewingheartdesign.com\/en\/wp-json\/wp\/v2\/media\/29345"}],"wp:attachment":[{"href":"https:\/\/sewingheartdesign.com\/en\/wp-json\/wp\/v2\/media?parent=29352"}],"wp:term":[{"taxonomy":"product_cat","embeddable":true,"href":"https:\/\/sewingheartdesign.com\/en\/wp-json\/wp\/v2\/product_cat?post=29352"},{"taxonomy":"product_tag","embeddable":true,"href":"https:\/\/sewingheartdesign.com\/en\/wp-json\/wp\/v2\/product_tag?post=29352"}],"curies":[{"name":"wp","href":"https:\/\/api.w.org\/{rel}","templated":true}]}}