{"id":29350,"date":"2020-11-02T13:46:05","date_gmt":"2020-11-02T12:46:05","guid":{"rendered":"https:\/\/sewingheartdesign.com\/?post_type=product&#038;p=29350"},"modified":"2023-11-28T15:38:23","modified_gmt":"2023-11-28T14:38:23","slug":"resar-50mm-gron","status":"publish","type":"product","link":"https:\/\/sewingheartdesign.com\/en\/produkt\/resar-50mm-gron\/","title":{"rendered":"Res\u00e5r, 50mm, gr\u00f6n"},"content":{"rendered":"<p>Bred stabil res\u00e5r, 50mm. Passar bra till b\u00e4lten.<\/p>\n<div class=\"woocommerce-product-details__short-description\">\n<p>S\u00e4ljs per decimeter<\/p>\n<\/div>\n","protected":false},"excerpt":{"rendered":"<p>Bred stabil res\u00e5r, 50mm. Passar bra till b\u00e4lten.<\/p>\n<div class=\"woocommerce-product-details__short-description\">\n<p>S\u00e4ljs per decimeter<\/p>\n<\/div>\n","protected":false},"featured_media":29341,"template":"","meta":[],"product_cat":[522047983,522048260],"product_tag":[],"class_list":{"0":"post-29350","1":"product","2":"type-product","3":"status-publish","4":"has-post-thumbnail","6":"product_cat-snoren-mm","7":"product_cat-resar","9":"first","10":"instock","11":"taxable","12":"shipping-taxable","13":"purchasable","14":"product-type-simple"},"_links":{"self":[{"href":"https:\/\/sewingheartdesign.com\/en\/wp-json\/wp\/v2\/product\/29350"}],"collection":[{"href":"https:\/\/sewingheartdesign.com\/en\/wp-json\/wp\/v2\/product"}],"about":[{"href":"https:\/\/sewingheartdesign.com\/en\/wp-json\/wp\/v2\/types\/product"}],"wp:featuredmedia":[{"embeddable":true,"href":"https:\/\/sewingheartdesign.com\/en\/wp-json\/wp\/v2\/media\/29341"}],"wp:attachment":[{"href":"https:\/\/sewingheartdesign.com\/en\/wp-json\/wp\/v2\/media?parent=29350"}],"wp:term":[{"taxonomy":"product_cat","embeddable":true,"href":"https:\/\/sewingheartdesign.com\/en\/wp-json\/wp\/v2\/product_cat?post=29350"},{"taxonomy":"product_tag","embeddable":true,"href":"https:\/\/sewingheartdesign.com\/en\/wp-json\/wp\/v2\/product_tag?post=29350"}],"curies":[{"name":"wp","href":"https:\/\/api.w.org\/{rel}","templated":true}]}}