{"id":29321,"date":"2020-11-02T12:22:39","date_gmt":"2020-11-02T11:22:39","guid":{"rendered":"https:\/\/sewingheartdesign.com\/?post_type=product&#038;p=29321"},"modified":"2023-11-28T15:38:24","modified_gmt":"2023-11-28T14:38:24","slug":"spanne-for-balte-02-silver","status":"publish","type":"product","link":"https:\/\/sewingheartdesign.com\/en\/produkt\/spanne-for-balte-02-silver\/","title":{"rendered":"Sp\u00e4nne f\u00f6r b\u00e4lte, silver"},"content":{"rendered":"<p>Sp\u00e4nne f\u00f6r b\u00e4lte, silver. Med blingstenar.<\/p>\n<p>6 x 2.5 cm<\/p>\n","protected":false},"excerpt":{"rendered":"<p>Sp\u00e4nne f\u00f6r b\u00e4lte, silver. Med blingstenar. Sy fast res\u00e5r (50mm) runt f\u00e4stena.<\/p>\n<p>6 x 2.5 cm<\/p>\n","protected":false},"featured_media":29322,"template":"","meta":[],"product_cat":[522048261],"product_tag":[],"class_list":{"0":"post-29321","1":"product","2":"type-product","3":"status-publish","4":"has-post-thumbnail","6":"product_cat-spannen","8":"first","9":"instock","10":"taxable","11":"shipping-taxable","12":"purchasable","13":"product-type-simple"},"_links":{"self":[{"href":"https:\/\/sewingheartdesign.com\/en\/wp-json\/wp\/v2\/product\/29321"}],"collection":[{"href":"https:\/\/sewingheartdesign.com\/en\/wp-json\/wp\/v2\/product"}],"about":[{"href":"https:\/\/sewingheartdesign.com\/en\/wp-json\/wp\/v2\/types\/product"}],"wp:featuredmedia":[{"embeddable":true,"href":"https:\/\/sewingheartdesign.com\/en\/wp-json\/wp\/v2\/media\/29322"}],"wp:attachment":[{"href":"https:\/\/sewingheartdesign.com\/en\/wp-json\/wp\/v2\/media?parent=29321"}],"wp:term":[{"taxonomy":"product_cat","embeddable":true,"href":"https:\/\/sewingheartdesign.com\/en\/wp-json\/wp\/v2\/product_cat?post=29321"},{"taxonomy":"product_tag","embeddable":true,"href":"https:\/\/sewingheartdesign.com\/en\/wp-json\/wp\/v2\/product_tag?post=29321"}],"curies":[{"name":"wp","href":"https:\/\/api.w.org\/{rel}","templated":true}]}}