{"id":29318,"date":"2020-11-02T12:27:31","date_gmt":"2020-11-02T11:27:31","guid":{"rendered":"https:\/\/sewingheartdesign.com\/?post_type=product&#038;p=29318"},"modified":"2025-03-12T22:12:52","modified_gmt":"2025-03-12T21:12:52","slug":"spanne-03","status":"publish","type":"product","link":"https:\/\/sewingheartdesign.com\/en\/produkt\/spanne-03\/","title":{"rendered":"Sp\u00e4nne med hakar, antik, blad"},"content":{"rendered":"<p>Sp\u00e4nne med hake f\u00f6r koftor, mm.<\/p>\n<p>5 x 2 cm<\/p>\n","protected":false},"excerpt":{"rendered":"<p>Sp\u00e4nne med hake f\u00f6r koftor, mm.<\/p>\n<p>5 x 2 cm<\/p>\n","protected":false},"featured_media":28024,"template":"","meta":[],"product_cat":[522048261],"product_tag":[],"class_list":{"0":"post-29318","1":"product","2":"type-product","3":"status-publish","4":"has-post-thumbnail","6":"product_cat-spannen","8":"first","9":"instock","10":"taxable","11":"shipping-taxable","12":"purchasable","13":"product-type-simple"},"_links":{"self":[{"href":"https:\/\/sewingheartdesign.com\/en\/wp-json\/wp\/v2\/product\/29318"}],"collection":[{"href":"https:\/\/sewingheartdesign.com\/en\/wp-json\/wp\/v2\/product"}],"about":[{"href":"https:\/\/sewingheartdesign.com\/en\/wp-json\/wp\/v2\/types\/product"}],"wp:featuredmedia":[{"embeddable":true,"href":"https:\/\/sewingheartdesign.com\/en\/wp-json\/wp\/v2\/media\/28024"}],"wp:attachment":[{"href":"https:\/\/sewingheartdesign.com\/en\/wp-json\/wp\/v2\/media?parent=29318"}],"wp:term":[{"taxonomy":"product_cat","embeddable":true,"href":"https:\/\/sewingheartdesign.com\/en\/wp-json\/wp\/v2\/product_cat?post=29318"},{"taxonomy":"product_tag","embeddable":true,"href":"https:\/\/sewingheartdesign.com\/en\/wp-json\/wp\/v2\/product_tag?post=29318"}],"curies":[{"name":"wp","href":"https:\/\/api.w.org\/{rel}","templated":true}]}}