{"id":29313,"date":"2020-11-02T12:11:35","date_gmt":"2020-11-02T11:11:35","guid":{"rendered":"https:\/\/sewingheartdesign.com\/?post_type=product&#038;p=29313"},"modified":"2025-09-06T16:10:54","modified_gmt":"2025-09-06T14:10:54","slug":"spanne-02","status":"publish","type":"product","link":"https:\/\/sewingheartdesign.com\/en\/produkt\/spanne-02\/","title":{"rendered":"Sp\u00e4nne med kl\u00e4mmor, bling"},"content":{"rendered":"<p>Sp\u00e4nne med kl\u00e4mmor f\u00f6r koftor, mm<\/p>\n<p>3.5 x 12 cm<\/p>\n","protected":false},"excerpt":{"rendered":"<p><em>Sp\u00e4nne med kl\u00e4mmor f\u00f6r koftor, mm<\/em><\/p>\n<p>3.5 x 12 cm<\/p>\n","protected":false},"featured_media":28022,"template":"","meta":[],"product_cat":[522048261],"product_tag":[],"class_list":{"0":"post-29313","1":"product","2":"type-product","3":"status-publish","4":"has-post-thumbnail","6":"product_cat-spannen","8":"first","9":"instock","10":"taxable","11":"shipping-taxable","12":"purchasable","13":"product-type-simple"},"_links":{"self":[{"href":"https:\/\/sewingheartdesign.com\/en\/wp-json\/wp\/v2\/product\/29313"}],"collection":[{"href":"https:\/\/sewingheartdesign.com\/en\/wp-json\/wp\/v2\/product"}],"about":[{"href":"https:\/\/sewingheartdesign.com\/en\/wp-json\/wp\/v2\/types\/product"}],"wp:featuredmedia":[{"embeddable":true,"href":"https:\/\/sewingheartdesign.com\/en\/wp-json\/wp\/v2\/media\/28022"}],"wp:attachment":[{"href":"https:\/\/sewingheartdesign.com\/en\/wp-json\/wp\/v2\/media?parent=29313"}],"wp:term":[{"taxonomy":"product_cat","embeddable":true,"href":"https:\/\/sewingheartdesign.com\/en\/wp-json\/wp\/v2\/product_cat?post=29313"},{"taxonomy":"product_tag","embeddable":true,"href":"https:\/\/sewingheartdesign.com\/en\/wp-json\/wp\/v2\/product_tag?post=29313"}],"curies":[{"name":"wp","href":"https:\/\/api.w.org\/{rel}","templated":true}]}}