{"id":2926,"date":"2019-05-03T12:15:11","date_gmt":"2019-05-03T10:15:11","guid":{"rendered":"https:\/\/sewingheartdesign.com\/?post_type=product&#038;p=2926"},"modified":"2025-08-13T14:44:06","modified_gmt":"2025-08-13T12:44:06","slug":"bandkantare-2-vik-12-24mm-balteshallor","status":"publish","type":"product","link":"https:\/\/sewingheartdesign.com\/en\/product\/bandkantare-2-vik-12-24mm-balteshallor\/","title":{"rendered":"Bandkantare 2-vik, 12\/24mm b\u00e4ltesh\u00e4llor"},"content":{"rendered":"<p><em>Snabbaste s\u00e4ttet att sy b\u00e4ltesh\u00e4llor, rev\u00e4rer eller dekorband.<\/em><\/p>\n<p>Bandkantare, 2-vik, 12\/24mm. Sy med cover eller hush\u00e5llsmaskin. Snabbt och enkelt med den h\u00e4r bandkantaren.<\/p>\n<p>&nbsp;<\/p>\n<p>F\u00e4rdigt m\u00e5tt: 12mm<\/p>\n<p>Bredd p\u00e5 remsan: 24mm<\/p>\n<p>Kantband: trik\u00e5, mudd, interlock, v\u00e4vt tyg mm<\/p>\n","protected":false},"excerpt":{"rendered":"<p><em>Snabbaste s\u00e4ttet att sy b\u00e4ltesh\u00e4llor, rev\u00e4rer eller dekorband.<\/em><\/p>\n","protected":false},"featured_media":13036,"template":"","meta":[],"product_cat":[522047846,522048000],"product_tag":[],"class_list":{"0":"post-2926","1":"product","2":"type-product","3":"status-publish","4":"has-post-thumbnail","6":"product_cat-bandkantare","7":"product_cat-fallvikare","9":"first","10":"instock","11":"taxable","12":"shipping-taxable","13":"purchasable","14":"product-type-simple"},"_links":{"self":[{"href":"https:\/\/sewingheartdesign.com\/en\/wp-json\/wp\/v2\/product\/2926"}],"collection":[{"href":"https:\/\/sewingheartdesign.com\/en\/wp-json\/wp\/v2\/product"}],"about":[{"href":"https:\/\/sewingheartdesign.com\/en\/wp-json\/wp\/v2\/types\/product"}],"wp:featuredmedia":[{"embeddable":true,"href":"https:\/\/sewingheartdesign.com\/en\/wp-json\/wp\/v2\/media\/13036"}],"wp:attachment":[{"href":"https:\/\/sewingheartdesign.com\/en\/wp-json\/wp\/v2\/media?parent=2926"}],"wp:term":[{"taxonomy":"product_cat","embeddable":true,"href":"https:\/\/sewingheartdesign.com\/en\/wp-json\/wp\/v2\/product_cat?post=2926"},{"taxonomy":"product_tag","embeddable":true,"href":"https:\/\/sewingheartdesign.com\/en\/wp-json\/wp\/v2\/product_tag?post=2926"}],"curies":[{"name":"wp","href":"https:\/\/api.w.org\/{rel}","templated":true}]}}