{"id":2924,"date":"2019-05-03T12:12:24","date_gmt":"2019-05-03T10:12:24","guid":{"rendered":"https:\/\/sewingheartdesign.com\/?post_type=product&#038;p=2924"},"modified":"2025-08-13T14:02:43","modified_gmt":"2025-08-13T12:02:43","slug":"fallvikare-for-resar-enkel","status":"publish","type":"product","link":"https:\/\/sewingheartdesign.com\/en\/produkt\/fallvikare-for-resar-enkel\/","title":{"rendered":"F\u00e5llvikare f\u00f6r res\u00e5r, enkel"},"content":{"rendered":"<p><em>Snabbt att f\u00e5lla kl\u00e4der med den h\u00e4r f\u00e5llvikaren med h\u00e5llare f\u00f6r res\u00e5r.<\/em><\/p>\n<p>F\u00e5llvikare f\u00f6r 12 mm res\u00e5r. Sy fina Singoallor eller dekorer med rynk.<\/p>\n<p>&nbsp;<\/p>\n","protected":false},"excerpt":{"rendered":"<p><em>Snabbt att f\u00e5lla kl\u00e4der med den h\u00e4r f\u00e5llvikaren med h\u00e5llare f\u00f6r res\u00e5r.<\/em><\/p>\n","protected":false},"featured_media":13033,"template":"","meta":[],"product_cat":[522048000],"product_tag":[],"class_list":{"0":"post-2924","1":"product","2":"type-product","3":"status-publish","4":"has-post-thumbnail","6":"product_cat-fallvikare","8":"first","9":"instock","10":"taxable","11":"shipping-taxable","12":"purchasable","13":"product-type-simple"},"_links":{"self":[{"href":"https:\/\/sewingheartdesign.com\/en\/wp-json\/wp\/v2\/product\/2924"}],"collection":[{"href":"https:\/\/sewingheartdesign.com\/en\/wp-json\/wp\/v2\/product"}],"about":[{"href":"https:\/\/sewingheartdesign.com\/en\/wp-json\/wp\/v2\/types\/product"}],"wp:featuredmedia":[{"embeddable":true,"href":"https:\/\/sewingheartdesign.com\/en\/wp-json\/wp\/v2\/media\/13033"}],"wp:attachment":[{"href":"https:\/\/sewingheartdesign.com\/en\/wp-json\/wp\/v2\/media?parent=2924"}],"wp:term":[{"taxonomy":"product_cat","embeddable":true,"href":"https:\/\/sewingheartdesign.com\/en\/wp-json\/wp\/v2\/product_cat?post=2924"},{"taxonomy":"product_tag","embeddable":true,"href":"https:\/\/sewingheartdesign.com\/en\/wp-json\/wp\/v2\/product_tag?post=2924"}],"curies":[{"name":"wp","href":"https:\/\/api.w.org\/{rel}","templated":true}]}}