{"id":29082,"date":"2020-10-19T19:14:03","date_gmt":"2020-10-19T17:14:03","guid":{"rendered":"https:\/\/sewingheartdesign.com\/?post_type=product&#038;p=29082"},"modified":"2025-10-30T09:43:13","modified_gmt":"2025-10-30T08:43:13","slug":"vaskfotter-morkgra","status":"publish","type":"product","link":"https:\/\/sewingheartdesign.com\/en\/produkt\/vaskfotter-morkgra\/","title":{"rendered":"V\u00e4skf\u00f6tter (m\u00f6rkgr\u00e5)"},"content":{"rendered":"<p>Fina v\u00e4skf\u00f6tter i metall f\u00f6r att skydda undersidan.<\/p>\n","protected":false},"excerpt":{"rendered":"<p>Fina v\u00e4skf\u00f6tter i metall.<\/p>\n<p>F\u00e4rg: M\u00f6rkgr\u00e5 (gunblack)<br \/>\nStorlek: 12&#215;6 mm<br \/>\nAntal: 10 st<\/p>\n","protected":false},"featured_media":29078,"template":"","meta":[],"product_cat":[522048209],"product_tag":[],"class_list":{"0":"post-29082","1":"product","2":"type-product","3":"status-publish","4":"has-post-thumbnail","6":"product_cat-vaskor","8":"first","9":"instock","10":"taxable","11":"shipping-taxable","12":"purchasable","13":"product-type-simple"},"_links":{"self":[{"href":"https:\/\/sewingheartdesign.com\/en\/wp-json\/wp\/v2\/product\/29082"}],"collection":[{"href":"https:\/\/sewingheartdesign.com\/en\/wp-json\/wp\/v2\/product"}],"about":[{"href":"https:\/\/sewingheartdesign.com\/en\/wp-json\/wp\/v2\/types\/product"}],"wp:featuredmedia":[{"embeddable":true,"href":"https:\/\/sewingheartdesign.com\/en\/wp-json\/wp\/v2\/media\/29078"}],"wp:attachment":[{"href":"https:\/\/sewingheartdesign.com\/en\/wp-json\/wp\/v2\/media?parent=29082"}],"wp:term":[{"taxonomy":"product_cat","embeddable":true,"href":"https:\/\/sewingheartdesign.com\/en\/wp-json\/wp\/v2\/product_cat?post=29082"},{"taxonomy":"product_tag","embeddable":true,"href":"https:\/\/sewingheartdesign.com\/en\/wp-json\/wp\/v2\/product_tag?post=29082"}],"curies":[{"name":"wp","href":"https:\/\/api.w.org\/{rel}","templated":true}]}}