{"id":29024,"date":"2020-10-16T14:07:51","date_gmt":"2020-10-16T12:07:51","guid":{"rendered":"https:\/\/sewingheartdesign.com\/?post_type=product&#038;p=29024"},"modified":"2024-08-25T17:48:05","modified_gmt":"2024-08-25T15:48:05","slug":"hangare-med-ogla-gul","status":"publish","type":"product","link":"https:\/\/sewingheartdesign.com\/en\/produkt\/hangare-med-ogla-gul\/","title":{"rendered":"Gul"},"content":{"rendered":"<p>Hake i plast med \u00f6gla.<\/p>\n<p>F\u00f6r fasts\u00e4ttning av sm\u00e5saker, toffsar, tygkassar, nycklar mm<\/p>\n<p>Total l\u00e4ngd x bredd: 42 x 18 mm<br \/>\nHaken: 27 x 4 mm<br \/>\nRingen:\u00a0 18 x 18 mm<\/p>\n","protected":false},"excerpt":{"rendered":"<p>Hake i plast med \u00f6gla.<\/p>\n<p>F\u00f6r fasts\u00e4ttning av sm\u00e5saker, toffsar, tygkassar, nycklar mm<\/p>\n","protected":false},"featured_media":29118,"template":"","meta":[],"product_cat":[522048307],"product_tag":[],"class_list":{"0":"post-29024","1":"product","2":"type-product","3":"status-publish","4":"has-post-thumbnail","6":"product_cat-grupperade-produkter","8":"first","9":"instock","10":"taxable","11":"shipping-taxable","12":"purchasable","13":"product-type-simple"},"_links":{"self":[{"href":"https:\/\/sewingheartdesign.com\/en\/wp-json\/wp\/v2\/product\/29024"}],"collection":[{"href":"https:\/\/sewingheartdesign.com\/en\/wp-json\/wp\/v2\/product"}],"about":[{"href":"https:\/\/sewingheartdesign.com\/en\/wp-json\/wp\/v2\/types\/product"}],"wp:featuredmedia":[{"embeddable":true,"href":"https:\/\/sewingheartdesign.com\/en\/wp-json\/wp\/v2\/media\/29118"}],"wp:attachment":[{"href":"https:\/\/sewingheartdesign.com\/en\/wp-json\/wp\/v2\/media?parent=29024"}],"wp:term":[{"taxonomy":"product_cat","embeddable":true,"href":"https:\/\/sewingheartdesign.com\/en\/wp-json\/wp\/v2\/product_cat?post=29024"},{"taxonomy":"product_tag","embeddable":true,"href":"https:\/\/sewingheartdesign.com\/en\/wp-json\/wp\/v2\/product_tag?post=29024"}],"curies":[{"name":"wp","href":"https:\/\/api.w.org\/{rel}","templated":true}]}}