{"id":28994,"date":"2020-10-16T13:14:19","date_gmt":"2020-10-16T11:14:19","guid":{"rendered":"https:\/\/sewingheartdesign.com\/?post_type=product&#038;p=28994"},"modified":"2026-01-07T13:06:21","modified_gmt":"2026-01-07T12:06:21","slug":"snorande-03-silver","status":"publish","type":"product","link":"https:\/\/sewingheartdesign.com\/en\/produkt\/snorande-03-silver\/","title":{"rendered":"Sn\u00f6r\u00e4nde, smal, silver"},"content":{"rendered":"<p>Sn\u00f6rstopp i plast.<br \/>\nTr\u00e4 p\u00e5 sn\u00f6ret. Knyt en knut. S\u00e4tt p\u00e5 toppen. Tryck till h\u00e5rt.<\/p>\n<p><strong>Bredd x h\u00f6jd:<\/strong> 8x17mm<br \/>\n<strong>H\u00e5l f\u00f6r sn\u00f6re:<\/strong> ca 3,5mm<br \/>\n<strong>Antal:<\/strong> 2 st<\/p>\n","protected":false},"excerpt":{"rendered":"<p><em>Sn\u00f6rstopp f\u00f6r att snabbt och enkelt f\u00f6rhindra att sn\u00f6ret glider ut \u00f6ljetter, sn\u00f6rl\u00e5s mm.<\/em><\/p>\n<p>Sn\u00f6rstopp \u00a0i plast.<br \/>\nTr\u00e4 p\u00e5 sn\u00f6ret. Knyt en knut. S\u00e4tt p\u00e5 toppen. Tryck till h\u00e5rt.<\/p>\n<p><strong>Bredd x h\u00f6jd:<\/strong> 8x17mm<br \/>\n<strong>H\u00e5l f\u00f6r sn\u00f6re:<\/strong> ca 3,5mm<br \/>\n<strong>Antal:<\/strong> 2 st<\/p>\n","protected":false},"featured_media":28989,"template":"","meta":[],"product_cat":[522048334,522048101,522047983,522048123],"product_tag":[],"class_list":{"0":"post-28994","1":"product","2":"type-product","3":"status-publish","4":"has-post-thumbnail","6":"product_cat-snorandar-plast","7":"product_cat-nyheter","8":"product_cat-snoren-mm","9":"product_cat-snorandar","11":"first","12":"instock","13":"taxable","14":"shipping-taxable","15":"purchasable","16":"product-type-simple"},"_links":{"self":[{"href":"https:\/\/sewingheartdesign.com\/en\/wp-json\/wp\/v2\/product\/28994"}],"collection":[{"href":"https:\/\/sewingheartdesign.com\/en\/wp-json\/wp\/v2\/product"}],"about":[{"href":"https:\/\/sewingheartdesign.com\/en\/wp-json\/wp\/v2\/types\/product"}],"wp:featuredmedia":[{"embeddable":true,"href":"https:\/\/sewingheartdesign.com\/en\/wp-json\/wp\/v2\/media\/28989"}],"wp:attachment":[{"href":"https:\/\/sewingheartdesign.com\/en\/wp-json\/wp\/v2\/media?parent=28994"}],"wp:term":[{"taxonomy":"product_cat","embeddable":true,"href":"https:\/\/sewingheartdesign.com\/en\/wp-json\/wp\/v2\/product_cat?post=28994"},{"taxonomy":"product_tag","embeddable":true,"href":"https:\/\/sewingheartdesign.com\/en\/wp-json\/wp\/v2\/product_tag?post=28994"}],"curies":[{"name":"wp","href":"https:\/\/api.w.org\/{rel}","templated":true}]}}