{"id":28927,"date":"2020-10-16T11:44:09","date_gmt":"2020-10-16T09:44:09","guid":{"rendered":"https:\/\/sewingheartdesign.com\/?post_type=product&#038;p=28927"},"modified":"2023-11-09T13:56:08","modified_gmt":"2023-11-09T12:56:08","slug":"breda-organzaband-med-tryck-bla","status":"publish","type":"product","link":"https:\/\/sewingheartdesign.com\/en\/produkt\/breda-organzaband-med-tryck-bla\/","title":{"rendered":"Breda organzaband med tryck, bl\u00e5"},"content":{"rendered":"<p>Breda, skira organzaband med tryck. Passar utm\u00e4rkt till huvtr\u00f6jor, byxor, dekorationer.<\/p>\n<p>Bredd: 2.8 cm<br \/>\nL\u00e4ngd: ca 145 cm<\/p>\n","protected":false},"excerpt":{"rendered":"<p>Breda, skira organzaband med tryck. Passar utm\u00e4rkt till huvtr\u00f6jor, byxor, dekorationer.<\/p>\n<p>Bredd: 2.8 cm<br \/>\nL\u00e4ngd: ca 145 cm<\/p>\n","protected":false},"featured_media":28905,"template":"","meta":[],"product_cat":[522047983,522048125],"product_tag":[],"class_list":{"0":"post-28927","1":"product","2":"type-product","3":"status-publish","4":"has-post-thumbnail","6":"product_cat-snoren-mm","7":"product_cat-hoodband","9":"first","10":"instock","11":"taxable","12":"shipping-taxable","13":"purchasable","14":"product-type-simple"},"_links":{"self":[{"href":"https:\/\/sewingheartdesign.com\/en\/wp-json\/wp\/v2\/product\/28927"}],"collection":[{"href":"https:\/\/sewingheartdesign.com\/en\/wp-json\/wp\/v2\/product"}],"about":[{"href":"https:\/\/sewingheartdesign.com\/en\/wp-json\/wp\/v2\/types\/product"}],"wp:featuredmedia":[{"embeddable":true,"href":"https:\/\/sewingheartdesign.com\/en\/wp-json\/wp\/v2\/media\/28905"}],"wp:attachment":[{"href":"https:\/\/sewingheartdesign.com\/en\/wp-json\/wp\/v2\/media?parent=28927"}],"wp:term":[{"taxonomy":"product_cat","embeddable":true,"href":"https:\/\/sewingheartdesign.com\/en\/wp-json\/wp\/v2\/product_cat?post=28927"},{"taxonomy":"product_tag","embeddable":true,"href":"https:\/\/sewingheartdesign.com\/en\/wp-json\/wp\/v2\/product_tag?post=28927"}],"curies":[{"name":"wp","href":"https:\/\/api.w.org\/{rel}","templated":true}]}}