{"id":28687,"date":"2020-10-01T14:23:01","date_gmt":"2020-10-01T12:23:01","guid":{"rendered":"https:\/\/sewingheartdesign.com\/?post_type=product&#038;p=28687"},"modified":"2023-11-09T13:56:12","modified_gmt":"2023-11-09T12:56:12","slug":"limited-edition-ljusbrun","status":"publish","type":"product","link":"https:\/\/sewingheartdesign.com\/en\/produkt\/limited-edition-ljusbrun\/","title":{"rendered":"Limited Edition (ljusbrun)"},"content":{"rendered":"<p>M\u00e4rken i fuskl\u00e4der.<\/p>\n","protected":false},"excerpt":{"rendered":"<p>Dekorera kl\u00e4der, v\u00e4skor mm med dessa fina m\u00e4rken i fuskl\u00e4der.<\/p>\n<p>50&#215;15 mm<\/p>\n<p><strong>M\u00e4ngdrabatt:<\/strong> K\u00f6p 4 eller fler och f\u00e5 10% rabatt (dras automatiskt i kassan)<\/p>\n","protected":false},"featured_media":28692,"template":"","meta":[],"product_cat":[522048112,522047982],"product_tag":[],"class_list":{"0":"post-28687","1":"product","2":"type-product","3":"status-publish","4":"has-post-thumbnail","6":"product_cat-tags","7":"product_cat-putags","9":"first","10":"instock","11":"taxable","12":"shipping-taxable","13":"purchasable","14":"product-type-simple"},"_links":{"self":[{"href":"https:\/\/sewingheartdesign.com\/en\/wp-json\/wp\/v2\/product\/28687"}],"collection":[{"href":"https:\/\/sewingheartdesign.com\/en\/wp-json\/wp\/v2\/product"}],"about":[{"href":"https:\/\/sewingheartdesign.com\/en\/wp-json\/wp\/v2\/types\/product"}],"wp:featuredmedia":[{"embeddable":true,"href":"https:\/\/sewingheartdesign.com\/en\/wp-json\/wp\/v2\/media\/28692"}],"wp:attachment":[{"href":"https:\/\/sewingheartdesign.com\/en\/wp-json\/wp\/v2\/media?parent=28687"}],"wp:term":[{"taxonomy":"product_cat","embeddable":true,"href":"https:\/\/sewingheartdesign.com\/en\/wp-json\/wp\/v2\/product_cat?post=28687"},{"taxonomy":"product_tag","embeddable":true,"href":"https:\/\/sewingheartdesign.com\/en\/wp-json\/wp\/v2\/product_tag?post=28687"}],"curies":[{"name":"wp","href":"https:\/\/api.w.org\/{rel}","templated":true}]}}