{"id":28436,"date":"2020-09-21T13:24:44","date_gmt":"2020-09-21T11:24:44","guid":{"rendered":"https:\/\/sewingheartdesign.com\/?post_type=product&#038;p=28436"},"modified":"2025-10-07T15:15:15","modified_gmt":"2025-10-07T13:15:15","slug":"dubbelnit-7x7-guld","status":"publish","type":"product","link":"https:\/\/sewingheartdesign.com\/en\/produkt\/dubbelnit-7x7-guld\/","title":{"rendered":"7&#215;7, guld"},"content":{"rendered":"<p>V\u00e4lj storlek p\u00e5 niten efter materialet.<br \/>\nL\u00e4ngden b\u00f6r vara 2-3mm l\u00e4ngre \u00e4n tjockleken som ska s\u00e4ttas ihop.<\/p>\n<p>Skaftl\u00e4ngd: 7 mm<br \/>\nLagom tjocklek p\u00e5 materialet: 4-5 mm<\/p>\n","protected":false},"excerpt":{"rendered":"<p><em>Nitar f\u00f6r dekoration p\u00e5 v\u00e4skor, kl\u00e4der mm.<\/em><\/p>\n<p>Anv\u00e4nd fantasin och dekorera fritt.<\/p>\n<p>Dubbelniten har en snyggt svagt rundad framsida och baksida.<\/p>\n","protected":false},"featured_media":28266,"template":"","meta":[],"product_cat":[522048307],"product_tag":[522048240,522048235,522048239],"class_list":{"0":"post-28436","1":"product","2":"type-product","3":"status-publish","4":"has-post-thumbnail","6":"product_cat-grupperade-produkter","7":"product_tag-dubbelnit","8":"product_tag-guld","9":"product_tag-nit","11":"first","12":"instock","13":"taxable","14":"shipping-taxable","15":"purchasable","16":"product-type-variable","17":"has-default-attributes"},"_links":{"self":[{"href":"https:\/\/sewingheartdesign.com\/en\/wp-json\/wp\/v2\/product\/28436"}],"collection":[{"href":"https:\/\/sewingheartdesign.com\/en\/wp-json\/wp\/v2\/product"}],"about":[{"href":"https:\/\/sewingheartdesign.com\/en\/wp-json\/wp\/v2\/types\/product"}],"wp:featuredmedia":[{"embeddable":true,"href":"https:\/\/sewingheartdesign.com\/en\/wp-json\/wp\/v2\/media\/28266"}],"wp:attachment":[{"href":"https:\/\/sewingheartdesign.com\/en\/wp-json\/wp\/v2\/media?parent=28436"}],"wp:term":[{"taxonomy":"product_cat","embeddable":true,"href":"https:\/\/sewingheartdesign.com\/en\/wp-json\/wp\/v2\/product_cat?post=28436"},{"taxonomy":"product_tag","embeddable":true,"href":"https:\/\/sewingheartdesign.com\/en\/wp-json\/wp\/v2\/product_tag?post=28436"}],"curies":[{"name":"wp","href":"https:\/\/api.w.org\/{rel}","templated":true}]}}