{"id":28315,"date":"2020-09-02T08:36:39","date_gmt":"2020-09-02T06:36:39","guid":{"rendered":"https:\/\/sewingheartdesign.com\/?post_type=product&#038;p=28315"},"modified":"2025-10-10T20:01:08","modified_gmt":"2025-10-10T18:01:08","slug":"pom-pom-boll-gul","status":"publish","type":"product","link":"https:\/\/sewingheartdesign.com\/en\/product\/pom-pom-boll-gul\/","title":{"rendered":"Pom-pom boll, gul"},"content":{"rendered":"<p>Fluffig p\u00e4lsboll av fuskp\u00e4ls med upph\u00e4ngnings\u00f6gla.<\/p>\n<p>Ca 8cm<\/p>\n","protected":false},"excerpt":{"rendered":"<p>Dekorera m\u00f6ssor, v\u00e4skor och plagg med dessa oemotst\u00e5ndligt mjuka, s\u00f6ta och fluffiga p\u00e4lsbollar av polyester.<br \/>\n\u00d6gla f\u00f6r upph\u00e4ngning.<\/p>\n","protected":false},"featured_media":35467,"template":"","meta":[],"product_cat":[522048259],"product_tag":[522048221,522048225,522048220,522048222,522048219],"class_list":{"0":"post-28315","1":"product","2":"type-product","3":"status-publish","4":"has-post-thumbnail","6":"product_cat-pompom","7":"product_tag-8cm","8":"product_tag-gul","9":"product_tag-palsboll","10":"product_tag-pom","11":"product_tag-pompom","13":"first","14":"instock","15":"taxable","16":"shipping-taxable","17":"purchasable","18":"product-type-simple"},"_links":{"self":[{"href":"https:\/\/sewingheartdesign.com\/en\/wp-json\/wp\/v2\/product\/28315"}],"collection":[{"href":"https:\/\/sewingheartdesign.com\/en\/wp-json\/wp\/v2\/product"}],"about":[{"href":"https:\/\/sewingheartdesign.com\/en\/wp-json\/wp\/v2\/types\/product"}],"wp:featuredmedia":[{"embeddable":true,"href":"https:\/\/sewingheartdesign.com\/en\/wp-json\/wp\/v2\/media\/35467"}],"wp:attachment":[{"href":"https:\/\/sewingheartdesign.com\/en\/wp-json\/wp\/v2\/media?parent=28315"}],"wp:term":[{"taxonomy":"product_cat","embeddable":true,"href":"https:\/\/sewingheartdesign.com\/en\/wp-json\/wp\/v2\/product_cat?post=28315"},{"taxonomy":"product_tag","embeddable":true,"href":"https:\/\/sewingheartdesign.com\/en\/wp-json\/wp\/v2\/product_tag?post=28315"}],"curies":[{"name":"wp","href":"https:\/\/api.w.org\/{rel}","templated":true}]}}