{"id":28314,"date":"2020-09-02T08:33:07","date_gmt":"2020-09-02T06:33:07","guid":{"rendered":"https:\/\/sewingheartdesign.com\/?post_type=product&#038;p=28314"},"modified":"2024-05-05T15:27:35","modified_gmt":"2024-05-05T13:27:35","slug":"pom-pom-boll-rosa","status":"publish","type":"product","link":"https:\/\/sewingheartdesign.com\/en\/product\/pom-pom-boll-rosa\/","title":{"rendered":"Pom-pom boll, rosa"},"content":{"rendered":"<p>Fluffig p\u00e4lsboll av fuskp\u00e4ls med upph\u00e4ngnings\u00f6gla.<\/p>\n<p>Ca 8cm<\/p>\n","protected":false},"excerpt":{"rendered":"<p>Dekorera m\u00f6ssor, v\u00e4skor och plagg med dessa oemotst\u00e5ndligt mjuka, s\u00f6ta och fluffiga p\u00e4lsbollar av polyester.<br \/>\n\u00d6gla f\u00f6r upph\u00e4ngning.<\/p>\n","protected":false},"featured_media":35475,"template":"","meta":[],"product_cat":[522048259],"product_tag":[522048221,522048224,522048220,522048222,522048219,522048223],"class_list":{"0":"post-28314","1":"product","2":"type-product","3":"status-publish","4":"has-post-thumbnail","6":"product_cat-pompom","7":"product_tag-8cm","8":"product_tag-cerise","9":"product_tag-palsboll","10":"product_tag-pom","11":"product_tag-pompom","12":"product_tag-rosa","14":"first","15":"outofstock","16":"taxable","17":"shipping-taxable","18":"purchasable","19":"product-type-simple"},"_links":{"self":[{"href":"https:\/\/sewingheartdesign.com\/en\/wp-json\/wp\/v2\/product\/28314"}],"collection":[{"href":"https:\/\/sewingheartdesign.com\/en\/wp-json\/wp\/v2\/product"}],"about":[{"href":"https:\/\/sewingheartdesign.com\/en\/wp-json\/wp\/v2\/types\/product"}],"wp:featuredmedia":[{"embeddable":true,"href":"https:\/\/sewingheartdesign.com\/en\/wp-json\/wp\/v2\/media\/35475"}],"wp:attachment":[{"href":"https:\/\/sewingheartdesign.com\/en\/wp-json\/wp\/v2\/media?parent=28314"}],"wp:term":[{"taxonomy":"product_cat","embeddable":true,"href":"https:\/\/sewingheartdesign.com\/en\/wp-json\/wp\/v2\/product_cat?post=28314"},{"taxonomy":"product_tag","embeddable":true,"href":"https:\/\/sewingheartdesign.com\/en\/wp-json\/wp\/v2\/product_tag?post=28314"}],"curies":[{"name":"wp","href":"https:\/\/api.w.org\/{rel}","templated":true}]}}