{"id":28270,"date":"2020-09-01T14:22:43","date_gmt":"2020-09-01T12:22:43","guid":{"rendered":"https:\/\/sewingheartdesign.com\/?post_type=product&#038;p=28270"},"modified":"2025-06-28T17:19:23","modified_gmt":"2025-06-28T15:19:23","slug":"dubbelnit-9x9-silver","status":"publish","type":"product","link":"https:\/\/sewingheartdesign.com\/en\/produkt\/dubbelnit-9x9-silver\/","title":{"rendered":"9&#215;9, silver"},"content":{"rendered":"<p>V\u00e4lj storlek p\u00e5 niten efter materialet.<br \/>\nL\u00e4ngden b\u00f6r vara 2-3mm l\u00e4ngre \u00e4n tjockleken som ska s\u00e4ttas ihop.<\/p>\n<p>Skaftl\u00e4ngd: 9 mm<br \/>\nLagom tjocklek p\u00e5 materialet: 6-7 mm<\/p>\n","protected":false},"excerpt":{"rendered":"<p><em>Nitar f\u00f6r dekoration p\u00e5 v\u00e4skor, kl\u00e4der mm.<\/em><\/p>\n<p>Anv\u00e4nd fantasin och dekorera fritt.<\/p>\n<p>Dubbelniten har en snyggt svagt rundad framsida och baksida.<\/p>\n","protected":false},"featured_media":28262,"template":"","meta":[],"product_cat":[522048307],"product_tag":[],"class_list":{"0":"post-28270","1":"product","2":"type-product","3":"status-publish","4":"has-post-thumbnail","6":"product_cat-grupperade-produkter","8":"first","9":"instock","10":"taxable","11":"shipping-taxable","12":"purchasable","13":"product-type-variable","14":"has-default-attributes"},"_links":{"self":[{"href":"https:\/\/sewingheartdesign.com\/en\/wp-json\/wp\/v2\/product\/28270"}],"collection":[{"href":"https:\/\/sewingheartdesign.com\/en\/wp-json\/wp\/v2\/product"}],"about":[{"href":"https:\/\/sewingheartdesign.com\/en\/wp-json\/wp\/v2\/types\/product"}],"wp:featuredmedia":[{"embeddable":true,"href":"https:\/\/sewingheartdesign.com\/en\/wp-json\/wp\/v2\/media\/28262"}],"wp:attachment":[{"href":"https:\/\/sewingheartdesign.com\/en\/wp-json\/wp\/v2\/media?parent=28270"}],"wp:term":[{"taxonomy":"product_cat","embeddable":true,"href":"https:\/\/sewingheartdesign.com\/en\/wp-json\/wp\/v2\/product_cat?post=28270"},{"taxonomy":"product_tag","embeddable":true,"href":"https:\/\/sewingheartdesign.com\/en\/wp-json\/wp\/v2\/product_tag?post=28270"}],"curies":[{"name":"wp","href":"https:\/\/api.w.org\/{rel}","templated":true}]}}