{"id":28001,"date":"2020-07-23T21:06:11","date_gmt":"2020-07-23T19:06:11","guid":{"rendered":"https:\/\/sewingheartdesign.com\/?post_type=product&#038;p=28001"},"modified":"2024-11-23T17:44:53","modified_gmt":"2024-11-23T16:44:53","slug":"snore-3mm-vit","status":"publish","type":"product","link":"https:\/\/sewingheartdesign.com\/en\/product\/snore-3mm-vit\/","title":{"rendered":"Sn\u00f6re 3mm vit, dm"},"content":{"rendered":"<p>Bomullssn\u00f6re 3 mm.<\/p>\n<p>Dekorera eller anv\u00e4nd f\u00f6r att knyta ihop kl\u00e4der, v\u00e4skor, skor mm<\/p>\n<p>Passar till 5 mm \u00f6ljett<\/p>\n","protected":false},"excerpt":{"rendered":"<p><em>Snygga tunna bomullssn\u00f6ren.<\/em><\/p>\n<p>S\u00e4ljs per dm. Dvs antal 3 = 3 dm =\u00a0 30 cm<\/p>\n","protected":false},"featured_media":13058,"template":"","meta":[],"product_cat":[522047983,522048119],"product_tag":[],"class_list":{"0":"post-28001","1":"product","2":"type-product","3":"status-publish","4":"has-post-thumbnail","6":"product_cat-snoren-mm","7":"product_cat-snore-3mm","9":"first","10":"instock","11":"taxable","12":"shipping-taxable","13":"purchasable","14":"product-type-simple"},"_links":{"self":[{"href":"https:\/\/sewingheartdesign.com\/en\/wp-json\/wp\/v2\/product\/28001"}],"collection":[{"href":"https:\/\/sewingheartdesign.com\/en\/wp-json\/wp\/v2\/product"}],"about":[{"href":"https:\/\/sewingheartdesign.com\/en\/wp-json\/wp\/v2\/types\/product"}],"wp:featuredmedia":[{"embeddable":true,"href":"https:\/\/sewingheartdesign.com\/en\/wp-json\/wp\/v2\/media\/13058"}],"wp:attachment":[{"href":"https:\/\/sewingheartdesign.com\/en\/wp-json\/wp\/v2\/media?parent=28001"}],"wp:term":[{"taxonomy":"product_cat","embeddable":true,"href":"https:\/\/sewingheartdesign.com\/en\/wp-json\/wp\/v2\/product_cat?post=28001"},{"taxonomy":"product_tag","embeddable":true,"href":"https:\/\/sewingheartdesign.com\/en\/wp-json\/wp\/v2\/product_tag?post=28001"}],"curies":[{"name":"wp","href":"https:\/\/api.w.org\/{rel}","templated":true}]}}