{"id":27966,"date":"2020-07-20T15:18:43","date_gmt":"2020-07-20T13:18:43","guid":{"rendered":"https:\/\/sewingheartdesign.com\/?post_type=product&#038;p=27966"},"modified":"2020-07-20T15:18:43","modified_gmt":"2020-07-20T13:18:43","slug":"knappressar-och-tillbehor-info","status":"publish","type":"product","link":"https:\/\/sewingheartdesign.com\/en\/product\/knappressar-och-tillbehor-info\/","title":{"rendered":"Knappressar och tillbeh\u00f6r &#8211; INFO"},"content":{"rendered":"<p>Knappressen anv\u00e4nds f\u00f6r att trycka fast olika tryckknappar, \u00f6ljetter, nitar mm.<\/p>\n<p>Det finns tv\u00e5 olika sorters pressar, <span style=\"color: #000000;\"><strong><a style=\"color: #000000;\" href=\"https:\/\/sewingheartdesign.com\/produkt-kategori\/pressar\/modell93\/\">DK-93<\/a> <\/strong>och <strong><a style=\"color: #000000;\" href=\"https:\/\/sewingheartdesign.com\/produkt-kategori\/pressar\/modell98\/\">DK-98<\/a><\/strong><\/span>. De ser olika ut och har helt olika f\u00e4sten f\u00f6r insatserna.<br \/>\nDK-93 har ett stort, sl\u00e4tt h\u00e5l nere och ett g\u00e4ngat h\u00e5l uppe.<br \/>\nDK-98 har smalt, sl\u00e4tt h\u00e5l b\u00e5de uppe och nere.<\/p>\n<div class=\"mceTemp\"><\/div>\n<figure id=\"attachment_27974\" aria-describedby=\"caption-attachment-27974\" style=\"width: 989px\" class=\"wp-caption alignnone\"><img decoding=\"async\" class=\"size-full wp-image-27974\" src=\"https:\/\/sewingheartdesign.com\/wp-content\/uploads\/2020\/07\/DK-93-vs-DK-98.jpg\" alt=\"Knappressar DK-93 vs DK-98\" width=\"989\" height=\"537\" srcset=\"https:\/\/sewingheartdesign.com\/wp-content\/uploads\/2020\/07\/DK-93-vs-DK-98.jpg 989w, https:\/\/sewingheartdesign.com\/wp-content\/uploads\/2020\/07\/DK-93-vs-DK-98-416x226.jpg 416w\" sizes=\"(max-width: 989px) 100vw, 989px\" \/><figcaption id=\"caption-attachment-27974\" class=\"wp-caption-text\">Knappressar DK-93 Rosa vs DK-98 Gr\u00f6n<\/figcaption><\/figure>\n<p>&nbsp;<\/p>\n<p>Det finns m\u00e5nga olika insatser. Till DK-98 finns enbart vissa av dessa.<br \/>\nV\u00e4lj insats efter vilken sort du vill trycka.<\/p>\n<p><strong>Tryckknappar<\/strong>: 9.5mm eller 11mm; ringar, t\u00e4ckta och pearlknappar<br \/>\n<strong>Plasttryckknappar\/KAM-knappar<\/strong>: T3, T5<br \/>\n<strong>\u00d6ljetter<\/strong>: 5mm, 6mm, 7mm, 8mm, 10mm, 12mm<br \/>\n<strong>H\u00e5lslag<\/strong>: 5mm, 6mm, 7mm, 8mm, 9mm, 10mm, 12mm<br \/>\n<strong>Jeansknappar<\/strong>: flat, hollow<br \/>\n<strong>Nitar<\/strong>: enkelnit, dubbelnit, blingnit<br \/>\n<strong>Blingp\u00e4rla<\/strong><br \/>\n<strong>Jackknapp<\/strong>: 12.5mm, 15mm<br \/>\n<strong>Fritidsknapp<\/strong>: 15mm<\/p>\n<p>F\u00f6r att underl\u00e4tta eller snabba p\u00e5 pressningen s\u00e5 finns det <span style=\"color: #000000;\"><strong><a style=\"color: #000000;\" href=\"https:\/\/sewingheartdesign.com\/produkt\/pedal-till-dk-93-dk-98\/\">pedalkit<\/a> <\/strong><\/span>att k\u00f6pa till.<\/p>\n<p><strong><a href=\"https:\/\/www.youtube.com\/channel\/UCOLOA-5PgQ-B-zFwiZJxbwQ\/playlists\">H\u00e4r finns filmer<\/a><\/strong> f\u00f6r att visa hur man anv\u00e4nder insatserna.<\/p>\n","protected":false},"excerpt":{"rendered":"<p>Knappressen anv\u00e4nds f\u00f6r att trycka fast olika tryckknappar, \u00f6ljetter, nitar mm.<br \/>\nV\u00e4lj insats efter vilken sort du vill trycka.<\/p>\n","protected":false},"featured_media":27979,"template":"","meta":[],"product_cat":[522048116,522047877,522047876],"product_tag":[],"class_list":{"0":"post-27966","1":"product","2":"type-product","3":"status-publish","4":"has-post-thumbnail","6":"product_cat-pressar-info","7":"product_cat-modell93","8":"product_cat-modell98","10":"first","11":"instock","12":"taxable","13":"shipping-taxable","14":"product-type-simple"},"_links":{"self":[{"href":"https:\/\/sewingheartdesign.com\/en\/wp-json\/wp\/v2\/product\/27966"}],"collection":[{"href":"https:\/\/sewingheartdesign.com\/en\/wp-json\/wp\/v2\/product"}],"about":[{"href":"https:\/\/sewingheartdesign.com\/en\/wp-json\/wp\/v2\/types\/product"}],"wp:featuredmedia":[{"embeddable":true,"href":"https:\/\/sewingheartdesign.com\/en\/wp-json\/wp\/v2\/media\/27979"}],"wp:attachment":[{"href":"https:\/\/sewingheartdesign.com\/en\/wp-json\/wp\/v2\/media?parent=27966"}],"wp:term":[{"taxonomy":"product_cat","embeddable":true,"href":"https:\/\/sewingheartdesign.com\/en\/wp-json\/wp\/v2\/product_cat?post=27966"},{"taxonomy":"product_tag","embeddable":true,"href":"https:\/\/sewingheartdesign.com\/en\/wp-json\/wp\/v2\/product_tag?post=27966"}],"curies":[{"name":"wp","href":"https:\/\/api.w.org\/{rel}","templated":true}]}}