{"id":27823,"date":"2020-07-10T12:44:05","date_gmt":"2020-07-10T10:44:05","guid":{"rendered":"https:\/\/sewingheartdesign.com\/?post_type=product&#038;p=27823"},"modified":"2025-06-17T18:41:29","modified_gmt":"2025-06-17T16:41:29","slug":"jeansknapp-hollow-jeans-17mm-mork-antik","status":"publish","type":"product","link":"https:\/\/sewingheartdesign.com\/en\/product\/jeansknapp-hollow-jeans-17mm-mork-antik\/","title":{"rendered":"Jeansknapp Hollow &#8211; JEANS 17mm (m\u00f6rk antik)"},"content":{"rendered":"<p><em>Snygga och h\u00e5llbara jeansknappar f\u00f6r alla projekt.<\/em><\/p>\n<p>Jeansknappen kommer h\u00f6ja intrycket p\u00e5 ditt projekt oavsett om det \u00e4r en jacka, v\u00e4ska eller byxor.<\/p>\n<p>Sl\u00e5 i med hammare eller anv\u00e4nd insats till knappressen.<\/p>\n<p>&nbsp;<\/p>\n","protected":false},"excerpt":{"rendered":"<p><em>Snygga och h\u00e5llbara jeansknappar f\u00f6r alla projekt.<\/em><\/p>\n<p>Modell: Hollow. H\u00e5l i mitten.<\/p>\n<p>Jeansknapp. M\u00f6rk antik m\u00e4ssing med text JEANS<\/p>\n","protected":false},"featured_media":27829,"template":"","meta":[],"product_cat":[522048205],"product_tag":[],"class_list":{"0":"post-27823","1":"product","2":"type-product","3":"status-publish","4":"has-post-thumbnail","6":"product_cat-jeansknappar-hollow","8":"first","9":"instock","10":"featured","11":"taxable","12":"shipping-taxable","13":"purchasable","14":"product-type-variable"},"_links":{"self":[{"href":"https:\/\/sewingheartdesign.com\/en\/wp-json\/wp\/v2\/product\/27823"}],"collection":[{"href":"https:\/\/sewingheartdesign.com\/en\/wp-json\/wp\/v2\/product"}],"about":[{"href":"https:\/\/sewingheartdesign.com\/en\/wp-json\/wp\/v2\/types\/product"}],"wp:featuredmedia":[{"embeddable":true,"href":"https:\/\/sewingheartdesign.com\/en\/wp-json\/wp\/v2\/media\/27829"}],"wp:attachment":[{"href":"https:\/\/sewingheartdesign.com\/en\/wp-json\/wp\/v2\/media?parent=27823"}],"wp:term":[{"taxonomy":"product_cat","embeddable":true,"href":"https:\/\/sewingheartdesign.com\/en\/wp-json\/wp\/v2\/product_cat?post=27823"},{"taxonomy":"product_tag","embeddable":true,"href":"https:\/\/sewingheartdesign.com\/en\/wp-json\/wp\/v2\/product_tag?post=27823"}],"curies":[{"name":"wp","href":"https:\/\/api.w.org\/{rel}","templated":true}]}}