{"id":2780,"date":"2019-04-23T12:05:12","date_gmt":"2019-04-23T10:05:12","guid":{"rendered":"https:\/\/sewingheartdesign.com\/?post_type=product&#038;p=2780"},"modified":"2025-10-28T14:41:50","modified_gmt":"2025-10-28T13:41:50","slug":"bandkantare-2-vik-25mm","status":"publish","type":"product","link":"https:\/\/sewingheartdesign.com\/en\/product\/bandkantare-2-vik-25mm\/","title":{"rendered":"Bandkantare 2-vik, 25mm, f\u00f6r vikres\u00e5r"},"content":{"rendered":"<p><em>Snabbt och enkelt att kanta trosor, urringningar, underkl\u00e4der mm.<\/em><\/p>\n<p>Med en bandkantare f\u00f6r vikres\u00e5r s\u00e5 beh\u00f6ver du inte h\u00e5lla koll s\u00e5 res\u00e5ren str\u00e4cks j\u00e4mnt, det g\u00f6r den \u00e5t dig \ud83d\ude09<\/p>\n<p>Bandkantare, 2-vik, f\u00f6r vikres\u00e5r, 25mm.<\/p>\n<p>&nbsp;<\/p>\n","protected":false},"excerpt":{"rendered":"<p><em>Snabbt och enkelt att kanta trosor, urringningar, underkl\u00e4der mm.<\/em><\/p>\n","protected":false},"featured_media":24437,"template":"","meta":[],"product_cat":[522047846],"product_tag":[],"class_list":{"0":"post-2780","1":"product","2":"type-product","3":"status-publish","4":"has-post-thumbnail","6":"product_cat-bandkantare","8":"first","9":"instock","10":"taxable","11":"shipping-taxable","12":"purchasable","13":"product-type-simple"},"_links":{"self":[{"href":"https:\/\/sewingheartdesign.com\/en\/wp-json\/wp\/v2\/product\/2780"}],"collection":[{"href":"https:\/\/sewingheartdesign.com\/en\/wp-json\/wp\/v2\/product"}],"about":[{"href":"https:\/\/sewingheartdesign.com\/en\/wp-json\/wp\/v2\/types\/product"}],"wp:featuredmedia":[{"embeddable":true,"href":"https:\/\/sewingheartdesign.com\/en\/wp-json\/wp\/v2\/media\/24437"}],"wp:attachment":[{"href":"https:\/\/sewingheartdesign.com\/en\/wp-json\/wp\/v2\/media?parent=2780"}],"wp:term":[{"taxonomy":"product_cat","embeddable":true,"href":"https:\/\/sewingheartdesign.com\/en\/wp-json\/wp\/v2\/product_cat?post=2780"},{"taxonomy":"product_tag","embeddable":true,"href":"https:\/\/sewingheartdesign.com\/en\/wp-json\/wp\/v2\/product_tag?post=2780"}],"curies":[{"name":"wp","href":"https:\/\/api.w.org\/{rel}","templated":true}]}}