{"id":27592,"date":"2020-07-07T12:14:39","date_gmt":"2020-07-07T10:14:39","guid":{"rendered":"https:\/\/sewingheartdesign.com\/?post_type=product&#038;p=27592"},"modified":"2023-11-18T18:51:00","modified_gmt":"2023-11-18T17:51:00","slug":"unicorn-bla-sitter-liten","status":"publish","type":"product","link":"https:\/\/sewingheartdesign.com\/en\/produkt\/unicorn-bla-sitter-liten\/","title":{"rendered":"Unicorn bl\u00e5 sitter, liten"},"content":{"rendered":"<p>G\u00f6r snygga tr\u00f6jor, jackor, v\u00e4skor mm enkelt och snabbt!<\/p>\n<p>&nbsp;<\/p>\n<p>Flerf\u00e4rgs tryck f\u00f6r textiler.<\/p>\n<p><strong>Instruktion f\u00f6r v\u00e4rmepress:<\/strong><\/p>\n<p>1. Placera plagget p\u00e5 underlaget.<br \/>\n2. Placera trycket p\u00e5 plagget med motivet upp\u00e5t. L\u00e4gg p\u00e5 bakpl\u00e5tspapper.<br \/>\n3. St\u00e4ll in temp ca 150-160 grader.<br \/>\n4. Pressa i 10-15 sekunder.<br \/>\n5. L\u00e5t trycket svalna innan b\u00e4raren\/skyddsplasten dras bort.<br \/>\n6. Om trycket inte sitter helt fast, upprepa fr\u00e5n steg 4.<\/p>\n<p><strong>Instruktion f\u00f6r strykj\u00e4rn:<\/strong><\/p>\n<p>1. Placera plagget p\u00e5 ett h\u00e5rt underlag.<br \/>\n2. Placera trycket p\u00e5 plagget med motivet upp\u00e5t. L\u00e4gg p\u00e5 bakpl\u00e5tspapper.<br \/>\n3. St\u00e4ll in strykj\u00e4rnet utan \u00e5nga, temp ca 120-160 grader.<br \/>\n4. Pressa h\u00e5rt i 10-15 sekunder.<br \/>\n5. L\u00e5t trycket svalna innan b\u00e4raren\/skyddsplasten dras bort.<br \/>\n6. Om trycket inte sitter helt fast, upprepa fr\u00e5n steg 4.<\/p>\n","protected":false},"excerpt":{"rendered":"<p>Flerf\u00e4rgs textiltryck.<\/p>\n<p>5x7cm<\/p>\n<p>Bl\u00e5 enh\u00f6rning med regnb\u00e5gsf\u00e4rger sitter.<\/p>\n","protected":false},"featured_media":27622,"template":"","meta":[],"product_cat":[522048107],"product_tag":[],"class_list":{"0":"post-27592","1":"product","2":"type-product","3":"status-publish","4":"has-post-thumbnail","6":"product_cat-smallvinyl","8":"first","9":"instock","10":"taxable","11":"shipping-taxable","12":"purchasable","13":"product-type-simple"},"_links":{"self":[{"href":"https:\/\/sewingheartdesign.com\/en\/wp-json\/wp\/v2\/product\/27592"}],"collection":[{"href":"https:\/\/sewingheartdesign.com\/en\/wp-json\/wp\/v2\/product"}],"about":[{"href":"https:\/\/sewingheartdesign.com\/en\/wp-json\/wp\/v2\/types\/product"}],"wp:featuredmedia":[{"embeddable":true,"href":"https:\/\/sewingheartdesign.com\/en\/wp-json\/wp\/v2\/media\/27622"}],"wp:attachment":[{"href":"https:\/\/sewingheartdesign.com\/en\/wp-json\/wp\/v2\/media?parent=27592"}],"wp:term":[{"taxonomy":"product_cat","embeddable":true,"href":"https:\/\/sewingheartdesign.com\/en\/wp-json\/wp\/v2\/product_cat?post=27592"},{"taxonomy":"product_tag","embeddable":true,"href":"https:\/\/sewingheartdesign.com\/en\/wp-json\/wp\/v2\/product_tag?post=27592"}],"curies":[{"name":"wp","href":"https:\/\/api.w.org\/{rel}","templated":true}]}}