{"id":27456,"date":"2020-07-01T12:43:46","date_gmt":"2020-07-01T10:43:46","guid":{"rendered":"https:\/\/sewingheartdesign.com\/?post_type=product&#038;p=27456"},"modified":"2025-06-17T18:37:15","modified_gmt":"2025-06-17T16:37:15","slug":"jeansknapp-hollow-jeans-17mm-rose","status":"publish","type":"product","link":"https:\/\/sewingheartdesign.com\/en\/product\/jeansknapp-hollow-jeans-17mm-rose\/","title":{"rendered":"Jeansknapp Hollow &#8211; JEANS 17mm (ros\u00e9)"},"content":{"rendered":"<p><em>Snygga och h\u00e5llbara jeansknappar f\u00f6r alla projekt.<\/em><\/p>\n<p>Jeansknappen kommer h\u00f6ja intrycket p\u00e5 ditt projekt oavsett om det \u00e4r en jacka, v\u00e4ska eller byxor.<\/p>\n<p>Sl\u00e5 i med hammare eller anv\u00e4nd insats till knappressen.<\/p>\n<p>&nbsp;<\/p>\n","protected":false},"excerpt":{"rendered":"<p><em>Snygga och h\u00e5llbara jeansknappar f\u00f6r alla projekt.<\/em><\/p>\n<p>Modell: Hollow. H\u00e5l i mitten.<\/p>\n","protected":false},"featured_media":27423,"template":"","meta":[],"product_cat":[522048115,522048205],"product_tag":[],"class_list":{"0":"post-27456","1":"product","2":"type-product","3":"status-publish","4":"has-post-thumbnail","6":"product_cat-jeansknappar","7":"product_cat-jeansknappar-hollow","9":"first","10":"instock","11":"featured","12":"taxable","13":"shipping-taxable","14":"purchasable","15":"product-type-variable"},"_links":{"self":[{"href":"https:\/\/sewingheartdesign.com\/en\/wp-json\/wp\/v2\/product\/27456"}],"collection":[{"href":"https:\/\/sewingheartdesign.com\/en\/wp-json\/wp\/v2\/product"}],"about":[{"href":"https:\/\/sewingheartdesign.com\/en\/wp-json\/wp\/v2\/types\/product"}],"wp:featuredmedia":[{"embeddable":true,"href":"https:\/\/sewingheartdesign.com\/en\/wp-json\/wp\/v2\/media\/27423"}],"wp:attachment":[{"href":"https:\/\/sewingheartdesign.com\/en\/wp-json\/wp\/v2\/media?parent=27456"}],"wp:term":[{"taxonomy":"product_cat","embeddable":true,"href":"https:\/\/sewingheartdesign.com\/en\/wp-json\/wp\/v2\/product_cat?post=27456"},{"taxonomy":"product_tag","embeddable":true,"href":"https:\/\/sewingheartdesign.com\/en\/wp-json\/wp\/v2\/product_tag?post=27456"}],"curies":[{"name":"wp","href":"https:\/\/api.w.org\/{rel}","templated":true}]}}