{"id":27392,"date":"2020-07-01T11:22:11","date_gmt":"2020-07-01T09:22:11","guid":{"rendered":"https:\/\/sewingheartdesign.com\/?post_type=product&#038;p=27392"},"modified":"2025-06-17T18:35:35","modified_gmt":"2025-06-17T16:35:35","slug":"jeansknapp-slat-17mm-antik","status":"publish","type":"product","link":"https:\/\/sewingheartdesign.com\/en\/produkt\/jeansknapp-slat-17mm-antik\/","title":{"rendered":"Jeansknapp Hollow &#8211; Sl\u00e4t 17mm (antik)"},"content":{"rendered":"<p><em>Snygga och h\u00e5llbara jeansknappar f\u00f6r alla projekt.<\/em><\/p>\n<p>Jeansknappen kommer h\u00f6ja intrycket p\u00e5 ditt projekt oavsett om det \u00e4r en jacka, v\u00e4ska eller byxor.<\/p>\n<p>Sl\u00e5 i med hammare eller anv\u00e4nd insats till knappressen.<\/p>\n<p>&nbsp;<\/p>\n","protected":false},"excerpt":{"rendered":"<p><em>Snygga och h\u00e5llbara jeansknappar f\u00f6r alla projekt.<\/em><\/p>\n<p>Hollow<\/p>\n","protected":false},"featured_media":27409,"template":"","meta":[],"product_cat":[522048115,522048205],"product_tag":[],"class_list":{"0":"post-27392","1":"product","2":"type-product","3":"status-publish","4":"has-post-thumbnail","6":"product_cat-jeansknappar","7":"product_cat-jeansknappar-hollow","9":"first","10":"instock","11":"featured","12":"taxable","13":"shipping-taxable","14":"purchasable","15":"product-type-variable"},"_links":{"self":[{"href":"https:\/\/sewingheartdesign.com\/en\/wp-json\/wp\/v2\/product\/27392"}],"collection":[{"href":"https:\/\/sewingheartdesign.com\/en\/wp-json\/wp\/v2\/product"}],"about":[{"href":"https:\/\/sewingheartdesign.com\/en\/wp-json\/wp\/v2\/types\/product"}],"wp:featuredmedia":[{"embeddable":true,"href":"https:\/\/sewingheartdesign.com\/en\/wp-json\/wp\/v2\/media\/27409"}],"wp:attachment":[{"href":"https:\/\/sewingheartdesign.com\/en\/wp-json\/wp\/v2\/media?parent=27392"}],"wp:term":[{"taxonomy":"product_cat","embeddable":true,"href":"https:\/\/sewingheartdesign.com\/en\/wp-json\/wp\/v2\/product_cat?post=27392"},{"taxonomy":"product_tag","embeddable":true,"href":"https:\/\/sewingheartdesign.com\/en\/wp-json\/wp\/v2\/product_tag?post=27392"}],"curies":[{"name":"wp","href":"https:\/\/api.w.org\/{rel}","templated":true}]}}