{"id":27125,"date":"2020-06-04T13:49:14","date_gmt":"2020-06-04T11:49:14","guid":{"rendered":"https:\/\/sewingheartdesign.com\/?post_type=product&#038;p=27125"},"modified":"2025-06-17T18:53:54","modified_gmt":"2025-06-17T16:53:54","slug":"jeansknapp-flat-stjarna-antik","status":"publish","type":"product","link":"https:\/\/sewingheartdesign.com\/en\/product\/jeansknapp-flat-stjarna-antik\/","title":{"rendered":"Jeansknapp Flat &#8211; Stj\u00e4rna 17mm (antik)"},"content":{"rendered":"<p><em>Snygga och h\u00e5llbara jeansknappar f\u00f6r alla projekt.<\/em><\/p>\n<p>Jeansknappen kommer h\u00f6ja intrycket p\u00e5 ditt projekt oavsett om det \u00e4r en jacka, v\u00e4ska eller byxor.<\/p>\n<p>Sl\u00e5 i med hammare eller anv\u00e4nd insats till knappressen.<\/p>\n<p>&nbsp;<\/p>\n","protected":false},"excerpt":{"rendered":"<p><em>Snygga och h\u00e5llbara jeansknappar f\u00f6r alla projekt.<\/em><\/p>\n","protected":false},"featured_media":27135,"template":"","meta":[],"product_cat":[522048115,522048206],"product_tag":[],"class_list":{"0":"post-27125","1":"product","2":"type-product","3":"status-publish","4":"has-post-thumbnail","6":"product_cat-jeansknappar","7":"product_cat-jeansknappar-flat","9":"first","10":"instock","11":"featured","12":"taxable","13":"shipping-taxable","14":"purchasable","15":"product-type-variable"},"_links":{"self":[{"href":"https:\/\/sewingheartdesign.com\/en\/wp-json\/wp\/v2\/product\/27125"}],"collection":[{"href":"https:\/\/sewingheartdesign.com\/en\/wp-json\/wp\/v2\/product"}],"about":[{"href":"https:\/\/sewingheartdesign.com\/en\/wp-json\/wp\/v2\/types\/product"}],"wp:featuredmedia":[{"embeddable":true,"href":"https:\/\/sewingheartdesign.com\/en\/wp-json\/wp\/v2\/media\/27135"}],"wp:attachment":[{"href":"https:\/\/sewingheartdesign.com\/en\/wp-json\/wp\/v2\/media?parent=27125"}],"wp:term":[{"taxonomy":"product_cat","embeddable":true,"href":"https:\/\/sewingheartdesign.com\/en\/wp-json\/wp\/v2\/product_cat?post=27125"},{"taxonomy":"product_tag","embeddable":true,"href":"https:\/\/sewingheartdesign.com\/en\/wp-json\/wp\/v2\/product_tag?post=27125"}],"curies":[{"name":"wp","href":"https:\/\/api.w.org\/{rel}","templated":true}]}}