{"id":26997,"date":"2020-05-25T14:28:36","date_gmt":"2020-05-25T12:28:36","guid":{"rendered":"https:\/\/sewingheartdesign.com\/?post_type=product&#038;p=26997"},"modified":"2022-10-13T10:49:17","modified_gmt":"2022-10-13T08:49:17","slug":"hoodsnore-beige","status":"publish","type":"product","link":"https:\/\/sewingheartdesign.com\/en\/produkt\/hoodsnore-beige\/","title":{"rendered":"Hoodsn\u00f6re beige"},"content":{"rendered":"<p>Tuffa sn\u00f6ren till hoodtr\u00f6jor, jackor, v\u00e4skor mm.<\/p>\n<p>2,4 cm bred och 120 cm l\u00e5ng.<\/p>\n<p>Passar till 10 mm \u00f6ljett<\/p>\n","protected":false},"excerpt":{"rendered":"<p><em>Coolt hoodsn\u00f6re<\/em><\/p>\n","protected":false},"featured_media":26999,"template":"","meta":[],"product_cat":[522047983,522048125],"product_tag":[],"class_list":{"0":"post-26997","1":"product","2":"type-product","3":"status-publish","4":"has-post-thumbnail","6":"product_cat-snoren-mm","7":"product_cat-hoodband","9":"first","10":"instock","11":"taxable","12":"shipping-taxable","13":"purchasable","14":"product-type-simple"},"_links":{"self":[{"href":"https:\/\/sewingheartdesign.com\/en\/wp-json\/wp\/v2\/product\/26997"}],"collection":[{"href":"https:\/\/sewingheartdesign.com\/en\/wp-json\/wp\/v2\/product"}],"about":[{"href":"https:\/\/sewingheartdesign.com\/en\/wp-json\/wp\/v2\/types\/product"}],"wp:featuredmedia":[{"embeddable":true,"href":"https:\/\/sewingheartdesign.com\/en\/wp-json\/wp\/v2\/media\/26999"}],"wp:attachment":[{"href":"https:\/\/sewingheartdesign.com\/en\/wp-json\/wp\/v2\/media?parent=26997"}],"wp:term":[{"taxonomy":"product_cat","embeddable":true,"href":"https:\/\/sewingheartdesign.com\/en\/wp-json\/wp\/v2\/product_cat?post=26997"},{"taxonomy":"product_tag","embeddable":true,"href":"https:\/\/sewingheartdesign.com\/en\/wp-json\/wp\/v2\/product_tag?post=26997"}],"curies":[{"name":"wp","href":"https:\/\/api.w.org\/{rel}","templated":true}]}}