{"id":26943,"date":"2020-05-19T14:09:17","date_gmt":"2020-05-19T12:09:17","guid":{"rendered":"https:\/\/sewingheartdesign.com\/?post_type=product&#038;p=26943"},"modified":"2023-11-09T13:56:05","modified_gmt":"2023-11-09T12:56:05","slug":"pu-eyelets-vit-fyrkant-svart-2","status":"publish","type":"product","link":"https:\/\/sewingheartdesign.com\/en\/produkt\/pu-eyelets-vit-fyrkant-svart-2\/","title":{"rendered":"\u00d6ljetter p\u00e5 fuskl\u00e4der, fyrkant, vit\/svart"},"content":{"rendered":"<p>\u00d6ljetter i fuskl\u00e4der. Sys fast runt kanten.<\/p>\n","protected":false},"excerpt":{"rendered":"<p>Dekorera kl\u00e4der, v\u00e4skor mm med dessa fina \u00f6ljetter i fuskl\u00e4der.<\/p>\n<p>2-pack<\/p>\n<p>27&#215;27 mm<\/p>\n<p>H\u00e5l ca 8mm<\/p>\n","protected":false},"featured_media":26897,"template":"","meta":[],"product_cat":[522048003,522048114],"product_tag":[],"class_list":{"0":"post-26943","1":"product","2":"type-product","3":"status-publish","4":"has-post-thumbnail","6":"product_cat-oljetter-pu","7":"product_cat-putag-eyelets","9":"first","10":"instock","11":"taxable","12":"shipping-taxable","13":"purchasable","14":"product-type-simple"},"_links":{"self":[{"href":"https:\/\/sewingheartdesign.com\/en\/wp-json\/wp\/v2\/product\/26943"}],"collection":[{"href":"https:\/\/sewingheartdesign.com\/en\/wp-json\/wp\/v2\/product"}],"about":[{"href":"https:\/\/sewingheartdesign.com\/en\/wp-json\/wp\/v2\/types\/product"}],"wp:featuredmedia":[{"embeddable":true,"href":"https:\/\/sewingheartdesign.com\/en\/wp-json\/wp\/v2\/media\/26897"}],"wp:attachment":[{"href":"https:\/\/sewingheartdesign.com\/en\/wp-json\/wp\/v2\/media?parent=26943"}],"wp:term":[{"taxonomy":"product_cat","embeddable":true,"href":"https:\/\/sewingheartdesign.com\/en\/wp-json\/wp\/v2\/product_cat?post=26943"},{"taxonomy":"product_tag","embeddable":true,"href":"https:\/\/sewingheartdesign.com\/en\/wp-json\/wp\/v2\/product_tag?post=26943"}],"curies":[{"name":"wp","href":"https:\/\/api.w.org\/{rel}","templated":true}]}}