{"id":26846,"date":"2020-05-17T22:33:19","date_gmt":"2020-05-17T20:33:19","guid":{"rendered":"https:\/\/sewingheartdesign.com\/?post_type=product&#038;p=26846"},"modified":"2023-11-28T15:38:21","modified_gmt":"2023-11-28T14:38:21","slug":"minimarke-handmade-blomma","status":"publish","type":"product","link":"https:\/\/sewingheartdesign.com\/en\/product\/minimarke-handmade-blomma\/","title":{"rendered":"Minim\u00e4rke Handmade blomma 10st (silver)"},"content":{"rendered":"<p>M\u00e4rken i metall.<\/p>\n<p>Zinklegering.<\/p>\n","protected":false},"excerpt":{"rendered":"<p>Dekorera kl\u00e4der, v\u00e4skor mm med dessa fina m\u00e4rken i metall.<\/p>\n<p>F\u00e4rg: Silver<br \/>\n8&#215;8 mm<br \/>\nAntal: 10st<\/p>\n","protected":false},"featured_media":31467,"template":"","meta":[],"product_cat":[522048112,522047981],"product_tag":[],"class_list":{"0":"post-26846","1":"product","2":"type-product","3":"status-publish","4":"has-post-thumbnail","6":"product_cat-tags","7":"product_cat-metalltags","9":"first","10":"instock","11":"taxable","12":"shipping-taxable","13":"purchasable","14":"product-type-simple"},"_links":{"self":[{"href":"https:\/\/sewingheartdesign.com\/en\/wp-json\/wp\/v2\/product\/26846"}],"collection":[{"href":"https:\/\/sewingheartdesign.com\/en\/wp-json\/wp\/v2\/product"}],"about":[{"href":"https:\/\/sewingheartdesign.com\/en\/wp-json\/wp\/v2\/types\/product"}],"wp:featuredmedia":[{"embeddable":true,"href":"https:\/\/sewingheartdesign.com\/en\/wp-json\/wp\/v2\/media\/31467"}],"wp:attachment":[{"href":"https:\/\/sewingheartdesign.com\/en\/wp-json\/wp\/v2\/media?parent=26846"}],"wp:term":[{"taxonomy":"product_cat","embeddable":true,"href":"https:\/\/sewingheartdesign.com\/en\/wp-json\/wp\/v2\/product_cat?post=26846"},{"taxonomy":"product_tag","embeddable":true,"href":"https:\/\/sewingheartdesign.com\/en\/wp-json\/wp\/v2\/product_tag?post=26846"}],"curies":[{"name":"wp","href":"https:\/\/api.w.org\/{rel}","templated":true}]}}