{"id":26806,"date":"2020-05-17T21:05:19","date_gmt":"2020-05-17T19:05:19","guid":{"rendered":"https:\/\/sewingheartdesign.com\/?post_type=product&#038;p=26806"},"modified":"2026-01-24T16:51:38","modified_gmt":"2026-01-24T15:51:38","slug":"fyrkant-svart-symaskin","status":"publish","type":"product","link":"https:\/\/sewingheartdesign.com\/en\/produkt\/fyrkant-svart-symaskin\/","title":{"rendered":"Fyrkant svart symaskin"},"content":{"rendered":"<p>M\u00e4rken i polyester.<\/p>\n","protected":false},"excerpt":{"rendered":"<p>Dekorera kl\u00e4der, v\u00e4skor mm med dessa fina m\u00e4rken i polyester.<\/p>\n<p>2&#215;2 cm (invikta kanter)<\/p>\n","protected":false},"featured_media":26810,"template":"","meta":[],"product_cat":[522048112,522048001],"product_tag":[],"class_list":{"0":"post-26806","1":"product","2":"type-product","3":"status-publish","4":"has-post-thumbnail","6":"product_cat-tags","7":"product_cat-tygtags","9":"first","10":"instock","11":"taxable","12":"shipping-taxable","13":"purchasable","14":"product-type-simple"},"_links":{"self":[{"href":"https:\/\/sewingheartdesign.com\/en\/wp-json\/wp\/v2\/product\/26806"}],"collection":[{"href":"https:\/\/sewingheartdesign.com\/en\/wp-json\/wp\/v2\/product"}],"about":[{"href":"https:\/\/sewingheartdesign.com\/en\/wp-json\/wp\/v2\/types\/product"}],"wp:featuredmedia":[{"embeddable":true,"href":"https:\/\/sewingheartdesign.com\/en\/wp-json\/wp\/v2\/media\/26810"}],"wp:attachment":[{"href":"https:\/\/sewingheartdesign.com\/en\/wp-json\/wp\/v2\/media?parent=26806"}],"wp:term":[{"taxonomy":"product_cat","embeddable":true,"href":"https:\/\/sewingheartdesign.com\/en\/wp-json\/wp\/v2\/product_cat?post=26806"},{"taxonomy":"product_tag","embeddable":true,"href":"https:\/\/sewingheartdesign.com\/en\/wp-json\/wp\/v2\/product_tag?post=26806"}],"curies":[{"name":"wp","href":"https:\/\/api.w.org\/{rel}","templated":true}]}}